{"id":808,"date":"2019-08-26T12:19:03","date_gmt":"2019-08-26T10:19:03","guid":{"rendered":"https:\/\/evenz.qantumthemes.xyz\/demo\/?page_id=808"},"modified":"2019-10-28T09:58:21","modified_gmt":"2019-10-28T07:58:21","slug":"horror-map","status":"publish","type":"page","link":"https:\/\/mad4pole.com\/en\/horror-map\/","title":{"rendered":"Horror Map"},"content":{"rendered":"<section class=\"wpb-content-wrapper\"><div class=\"evenz-vc-row-container\" ><div class=\"vc_row evenz-stickycont wpb_row evenz-vc_row vc_custom_1566822173742\"><div class=\"evenz-container__l evenz-rowcontainer-vc\"><div class=\"evenz-rowcontent\"><div class=\"wpb_column vc_column_container vc_col-sm-12\"><div class=\"vc_column-inner vc_custom_1566822158153\"><div class=\"wpb_wrapper\">\t\t\t<hr class=\"evenz-spacer-l\">\n\t\t\n\t\t<div class=\"evenz-section-caption  evenz-section-caption--l\">\n\n\t\t\t\t\t\t\t<h6 class=\"evenz-caption evenz-gradtext\"><span>Event's Coordinates<\/span><\/h6>\n\t\t\t\t\t\t\t\t<h2 id=\"evenztabsabc-horror-fest-map\" class=\"evenz-center evenz-capfont evenz-evenztabsabc-horror-fest-map evenz-txtfx-newyork-container evenz-textfx-wrap\">\n\t\t\t\t\t\t\t\t\t\t\n\t\t\t\t\t\t\t<span class=\"evenz-txtfx evenz-txtfx--newyork\" data-qtwaypoints-offset=\"50\" data-qtwaypoints>HORROR FEST MAP<span data-letters=\"HORROR FEST MAP\"><\/span><span data-letters=\"HORROR FEST MAP\"><\/span><\/span>\n\t\t\t\t\t\t\t\t\t\t\t<\/h2>\n\t\t\t\t\t\t\t\t<p>Pinpoint on this map the key places of the Event: the Venue, the After Party, the Studio where the workshops will be held, the nearest hotels, etc.<\/p>\n\t\t\t\t\t\t<\/div>\n\t\t\t\t<div data-evenz-customstyles=\".evenz-evenztabsabc-horror-fest-map .evenz-txtfx--newyork { color: #bc1846}\t\t\t\t\t\t\t.evenz-evenztabsabc-horror-fest-map .evenz-txtfx--newyork span::before { color: rgba(255,255,255,0.8)}\t\t\t\t\t\t\t.evenz-evenztabsabc-horror-fest-map .evenz-txtfx--newyork::before { background: #ffffff}\"><\/div>\n\t\t\t\t<!-- ============= BEGINNING QTPLACES MAP =============================== -->\n\n\t\t\n\n\n\t\t<!-- MAP CONTENT -->\n\t\t<div id=\"afhxu\" class=\"qtPlaces-container qtPlaces-template-3 normal open\" data-getdirections=\"Get directions\"  data-streetview=\"\" data-mousewheel=\"1\" data-mapcolor=\"normal\" data-mapheight=\"600\" data-dynamicmap=\"mapafhxu\" >\n\t\t\t<div class=\"qtPlaces-list\">\n\t\t\t\t\t\t\t\t\t\n\t\t\t\t    \t\t\t\t\t<div class=\"qtPlaces-entry all pfilter-31\"  data-qtautobg=\"https:\/\/mad4pole.com\/wp-content\/uploads\/2019\/10\/Sala-Pole1-770x513.png\">\n\t\t\t\t\t\t<h4>Pole&amp;Roll Studio\t\t\t\t\t\t<\/h4>\n\t\t\t\t\t\t\t\t\t\t\t\t<p class=\"listdetail\"><i class=\"fa fa-map\"><\/i>&nbsp;\n\t\t\t\t\t\t\tMadrid (Espa\u00f1a)\t\t\t\t\t\t<\/p>\n\t\t\t\t\t\t\t\t\t\t\t\t\t                            <a id=\"afhxu1925\" class=\"roundbtn qtPlaces-marker noajax\" href=\"https:\/\/mad4pole.com\/en\/place\/escuela-poleroll\/\"\n\t                                data-clicktarget = \"mapbutton1925\"\n\t                                data-mapid = \"afhxu\"\n\t                                data-markerid = \"afhxu1925\"\n\t                                data-markertitle = \"Escuela Pole&#038;Roll\"\n\t                                data-markerimg = \"https:\/\/mad4pole.com\/wp-content\/uploads\/2019\/10\/Sala-Pole1-770x513.png\"\n\t                                data-hidethumbnail = \"\"\n\t                               \tdata-filters=\"pfilter-31 \"\n\t                               \tdata-markercolor = \"#ffffff\"\n\t                                data-markerlocation = \"Escuela PoleRoll\"\n\t                                data-markeraddress = \"C\/Granja de San Ildefonso 21, 28051\"\n\t                                data-markercity = \"Madrid\"\n\t                               \tdata-markercountry = \"Espa\u00f1a\"\n\t                               \tdata-markerlink = \"http:\/\/www.poleandroll.com\"\n\t                               \tdata-markerphone = \"601 064 641\"\n\t                               \tdata-markeremail = \"info@poleandroll.com\"\n\t                                data-lat=\"40.3667475\" \n\t                                data-lon=\"-3.619523699999945\"\n\t                                data-autozoom=\"0\">\n\t                                                \t                    \t<i class=\"fa fa-map-marker\"><\/i>\n                    \t<\/a>\n\t\t\t\t\t<\/div>\n\t\t\t\t\t\t\t\t\t\n\t\t\t\t    \t\t\t\t\t<div class=\"qtPlaces-entry all pfilter-30\"  data-qtautobg=\"https:\/\/mad4pole.com\/wp-content\/uploads\/2019\/08\/American-Horror-Story-Freak-Show-770x409.jpg\">\n\t\t\t\t\t\t<h4>El\u00edas Ah\u00faja Theatre\t\t\t\t\t\t<\/h4>\n\t\t\t\t\t\t\t\t\t\t\t\t<p class=\"listdetail\"><i class=\"fa fa-map\"><\/i>&nbsp;\n\t\t\t\t\t\t\tMadrid (Spain)\t\t\t\t\t\t<\/p>\n\t\t\t\t\t\t\t\t\t\t\t\t\t                            <a id=\"afhxu790\" class=\"roundbtn qtPlaces-marker noajax\" href=\"https:\/\/mad4pole.com\/en\/place\/teatro-elias-ahuja\/\"\n\t                                data-clicktarget = \"mapbutton790\"\n\t                                data-mapid = \"afhxu\"\n\t                                data-markerid = \"afhxu790\"\n\t                                data-markertitle = \"Teatro El\u00edas Ah\u00faja\"\n\t                                data-markerimg = \"https:\/\/mad4pole.com\/wp-content\/uploads\/2019\/08\/American-Horror-Story-Freak-Show-770x409.jpg\"\n\t                                data-hidethumbnail = \"\"\n\t                               \tdata-filters=\"pfilter-30 \"\n\t                               \tdata-markercolor = \"#ffffff\"\n\t                                data-markerlocation = \"Teatro El\u00edas Ah\u00faja\"\n\t                                data-markeraddress = \"Calle del Rector Royo-Villanova 4, 28040\"\n\t                                data-markercity = \"Madrid\"\n\t                               \tdata-markercountry = \"Spain\"\n\t                               \tdata-markerlink = \"http:\/\/melia.com\"\n\t                               \tdata-markerphone = \"+34 91 533 77 00\"\n\t                               \tdata-markeremail = \"\"\n\t                                data-lat=\"40.4510536\" \n\t                                data-lon=\"-3.7150318000000198\"\n\t                                data-autozoom=\"0\">\n\t                                                \t                    \t<i class=\"fa fa-map-marker\"><\/i>\n                    \t<\/a>\n\t\t\t\t\t<\/div>\n\t\t\t\t\n\n\t\t\t<\/div>\n\t\t\t<div class=\"qtPlaces-map\">\n\t\t\t\t<div class=\"qtPlaces-mapcontainer\" id=\"mapafhxu\">\n\t\t\t\t\t\n\t\t\t\t<\/div>\n\t\t\t\t\t\t\t\t<div class=\"qtPlaces-tags\">\n\t\t\t\t\t\n\t\t\t\t\t\t\t\t\t\t\t<a href=\"#\" class=\"qtPlaces-tag\" data-placefilter=\"pfilter-31\" data-targetmap=\"afhxu\"><i class=\"fa fa-tag\"><\/i> Workshops<\/a>\n\t\t\t\t\t\t\t\t\t\t\t\t<a href=\"#\" class=\"qtPlaces-tag\" data-placefilter=\"pfilter-30\" data-targetmap=\"afhxu\"><i class=\"fa fa-tag\"><\/i> Venue<\/a>\n\t\t\t\t\t\t\t\t\t\t<\/div>\n\t\t\t\t\t\t\t<\/div>\n\t\t\t<a class=\"qtPlaces-menuswitch\"><i class=\"fa fa-close\"><\/i><\/a>\n\n\t\t<\/div>\n\n\n\n\n\n\t\t\t\t<div data-qtplaces-styles=\" #afhxu.qtPlaces-container .qtPlaces-list .qtPlaces-entry a.roundbtn{color:#ffffff;} #afhxu.qtPlaces-container .qtPlaces-list .qtPlaces-entry h4{border-color: #bc1846;} #afhxu.qtPlaces-container .qtPlaces-list .qtPlaces-entry a.roundbtn,#afhxu.qtPlaces-container .qtPlaces-list::-webkit-scrollbar-thumb,#afhxu.qtPlaces-container .qtPlaces-tags .qtPlaces-tag i,#afhxu.qtPlaces-container .qtPlaces-tags .qtPlaces-tag.active{background: #bc1846;} #afhxu.qtPlaces-container .qtPlaces-list{background: #000000;} #afhxu.qtPlaces-container .qtPlaces-map .qtPlaces-mapcontainer .qtPlaces-mapmarker .qtPlaces-marker-img,#afhxu.qtPlaces-container .qtPlaces-map .qtPlaces-mapcontainer .qtPlaces-mapmarker .qtPlaces-marker-img::after,#afhxu.qtPlaces-container .qtPlaces-map .qtPlaces-mapcontainer .qtPlaces-mapmarker .qtPlaces-marker-img::before {background:#ffffff;} @media (min-width:1024px){ #afhxu.qtPlaces-container,#afhxu.qtPlaces-container .qtPlaces-list , #afhxu.qtPlaces-container .qtPlaces-map {height: 600px;} } @media (max-width:1023px){ #afhxu.qtPlaces-container,#afhxu.qtPlaces-container .qtPlaces-list , #afhxu.qtPlaces-container .qtPlaces-map {height: 400px;} } \"><\/div>\n\n\n\n\n\n\n\n\n\t\t<!-- ============= END QTPLACES MAP =============================== -->\n\t\t<\/div><\/div><\/div><\/div><\/div><\/div><\/div>\n<\/section>","protected":false},"excerpt":{"rendered":"<p>Mad4Pole HORROR FEST se celebrar\u00e1 en el siniestro Teatro El\u00edas Ah\u00faja. Un tenebroso coliseo en los confines de Madrid cuyo patio de butacas, salpicado de sangre, tiene capacidad para 500 almas. Hay aparcamiento sin hora en las inmediaciones y la boca de metro m\u00e1s cercana est\u00e1 a 8 minutos andando. ...<\/p>","protected":false},"author":1,"featured_media":0,"parent":0,"menu_order":0,"comment_status":"closed","ping_status":"closed","template":"archive-place.php","meta":[],"_links":{"self":[{"href":"https:\/\/mad4pole.com\/en\/wp-json\/wp\/v2\/pages\/808"}],"collection":[{"href":"https:\/\/mad4pole.com\/en\/wp-json\/wp\/v2\/pages"}],"about":[{"href":"https:\/\/mad4pole.com\/en\/wp-json\/wp\/v2\/types\/page"}],"author":[{"embeddable":true,"href":"https:\/\/mad4pole.com\/en\/wp-json\/wp\/v2\/users\/1"}],"replies":[{"embeddable":true,"href":"https:\/\/mad4pole.com\/en\/wp-json\/wp\/v2\/comments?post=808"}],"version-history":[{"count":23,"href":"https:\/\/mad4pole.com\/en\/wp-json\/wp\/v2\/pages\/808\/revisions"}],"predecessor-version":[{"id":1984,"href":"https:\/\/mad4pole.com\/en\/wp-json\/wp\/v2\/pages\/808\/revisions\/1984"}],"wp:attachment":[{"href":"https:\/\/mad4pole.com\/en\/wp-json\/wp\/v2\/media?parent=808"}],"curies":[{"name":"wp","href":"https:\/\/api.w.org\/{rel}","templated":true}]}}