{"id":759,"date":"2019-08-24T14:17:46","date_gmt":"2019-08-24T14:17:46","guid":{"rendered":"https:\/\/evenz.qantumthemes.xyz\/demo\/?page_id=759"},"modified":"2019-11-02T18:02:06","modified_gmt":"2019-11-02T16:02:06","slug":"contacto","status":"publish","type":"page","link":"https:\/\/mad4pole.com\/en\/contacto\/","title":{"rendered":"Contact"},"content":{"rendered":"<section class=\"wpb-content-wrapper\"><div class=\"evenz-vc-row-container\" ><div class=\"vc_row evenz-stickycont wpb_row evenz-vc_row vc_custom_1572455174811 vc_row-has-fill vc_row-o-content-middle vc_row-flex evenz-negative\"><div class=\"evenz-rowcontainer-vc\"><div class=\"evenz-rowcontent\"><div class=\"wpb_column vc_column_container vc_col-sm-2 vc_hidden-md vc_hidden-sm vc_hidden-xs\"><div class=\"vc_column-inner\"><div class=\"wpb_wrapper\"><\/div><\/div><\/div><div class=\"wpb_animate_when_almost_visible wpb_fadeInRight fadeInRight wpb_column vc_column_container vc_col-sm-nul-8 vc_col-lg-8 vc_col-md-12 vc_col-xs-12 vc_col-sm-12 vc_col-has-fill\"><div class=\"vc_column-inner vc_custom_1572710525124\"><div class=\"wpb_wrapper\"><div class=\"vc_row wpb_row vc_inner evenz-vc_row\"><div class=\"evenz-rowcontainer-vc\"><div class=\"evenz-rowcontent\"><div class=\"wpb_column vc_column_container vc_col-sm-12 vc_hidden-lg vc_hidden-md\"><div class=\"vc_column-inner\"><div class=\"wpb_wrapper\">\t\t<div>\n\t\t\t<div class=\"aligncenter\"> <h3  class=\"evenz-element-caption evenz-caption  evenz-caption__l evenz-anim evenz-caption__c\" data-qtwaypoints-offset=\"30\" data-qtwaypoints>\t\t\t\t<span>IF YOU HAVE ANY DOUBTS, SEND US A RAVEN<\/span>\n\t\t\t\t<\/h3><\/div>\t\t<\/div>\n\t\t\t\t\t<hr class=\"evenz-spacer-s\">\n\t\t<\/div><\/div><\/div><\/div><\/div><\/div><div class=\"vc_row wpb_row vc_inner evenz-vc_row\"><div class=\"evenz-rowcontainer-vc\"><div class=\"evenz-rowcontent\"><div class=\"wpb_column vc_column_container vc_col-sm-12 vc_hidden-sm vc_hidden-xs\"><div class=\"vc_column-inner\"><div class=\"wpb_wrapper\">\t\t<div>\n\t\t\t<div class=\"aligncenter\"> <h2  class=\"evenz-element-caption evenz-caption  evenz-caption__xl evenz-anim evenz-caption__c\" data-qtwaypoints-offset=\"30\" data-qtwaypoints>\t\t\t\t<span>IF YOU HAVE ANY DOUBTS, SEND US A RAVEN<\/span>\n\t\t\t\t<\/h2><\/div>\t\t<\/div>\n\t\t\t\t\t<hr class=\"evenz-spacer-s\">\n\t\t<\/div><\/div><\/div><\/div><\/div><\/div><div class=\"vc_row wpb_row vc_inner evenz-vc_row\"><div class=\"evenz-rowcontainer-vc\"><div class=\"evenz-rowcontent\"><div class=\"wpb_column vc_column_container vc_col-sm-nul-1 vc_col-lg-1 vc_col-md-2 vc_col-xs-2 vc_col-sm-2\"><div class=\"vc_column-inner\"><div class=\"wpb_wrapper\">\t\t\t\t\t<a href=\"mailto:candidate@mad4pole.com\" target=\"_blank\">\n\t\t\t\t\t\t\t\t\t<i class=\"t2gicons-icon t2gicon-size-50 t2gicon-fontsize-40 t2gicon-bgcolor-white t2gicon-color-white t2gicon-shape-circle-border t2gicon-align-center t2gicon-entertainment-fantasy-poison\"><\/i>\n\t\t\t\t\t\t\t\t\t<\/a>\n\t\t\t\t<\/div><\/div><\/div><div class=\"wpb_column vc_column_container vc_col-sm-nul-1 vc_col-lg-3 vc_col-md-10 vc_col-xs-10 vc_col-sm-10\"><div class=\"vc_column-inner\"><div class=\"wpb_wrapper\">\n\t<div class=\"wpb_text_column wpb_content_element\" >\n\t\t<div class=\"wpb_wrapper\">\n\t\t\t<p><strong>Pre-registration<\/strong><br \/>\ncandidate@mad4pole.com<\/p>\n\n\t\t<\/div>\n\t<\/div>\n<\/div><\/div><\/div><div class=\"wpb_column vc_column_container vc_col-sm-nul-1 vc_col-lg-1 vc_col-md-2 vc_col-xs-2 vc_col-sm-2\"><div class=\"vc_column-inner\"><div class=\"wpb_wrapper\">\t\t\t\t\t<a href=\"mailto:artist@mad4pole.com\" target=\"_blank\">\n\t\t\t\t\t\t\t\t\t<i class=\"t2gicons-icon t2gicon-size-50 t2gicon-fontsize-40 t2gicon-bgcolor-white t2gicon-color-white t2gicon-shape-circle-border t2gicon-align-center t2gicon-entertainment-fantasy-skull\"><\/i>\n\t\t\t\t\t\t\t\t\t<\/a>\n\t\t\t\t<\/div><\/div><\/div><div class=\"wpb_column vc_column_container vc_col-sm-nul-1 vc_col-lg-3 vc_col-md-10 vc_col-xs-10 vc_col-sm-10\"><div class=\"vc_column-inner\"><div class=\"wpb_wrapper\">\n\t<div class=\"wpb_text_column wpb_content_element\" >\n\t\t<div class=\"wpb_wrapper\">\n\t\t\t<p><strong>The Chosen:<\/strong><br \/>\nartist@mad4pole.com<\/p>\n\n\t\t<\/div>\n\t<\/div>\n<\/div><\/div><\/div><div class=\"wpb_column vc_column_container vc_col-sm-nul-1 vc_col-lg-1 vc_col-md-2 vc_col-xs-2 vc_col-sm-2\"><div class=\"vc_column-inner\"><div class=\"wpb_wrapper\">\t\t\t\t\t<a href=\"mailto:sponsor@mad4pole.com\" target=\"_blank\">\n\t\t\t\t\t\t\t\t\t<i class=\"t2gicons-icon t2gicon-size-50 t2gicon-fontsize-40 t2gicon-bgcolor-white t2gicon-color-white t2gicon-shape-circle-border t2gicon-align-center t2gicon-entertainment-party\"><\/i>\n\t\t\t\t\t\t\t\t\t<\/a>\n\t\t\t\t<\/div><\/div><\/div><div class=\"wpb_column vc_column_container vc_col-sm-nul-1 vc_col-lg-3 vc_col-md-10 vc_col-xs-10 vc_col-sm-10\"><div class=\"vc_column-inner\"><div class=\"wpb_wrapper\">\n\t<div class=\"wpb_text_column wpb_content_element\" >\n\t\t<div class=\"wpb_wrapper\">\n\t\t\t<p><strong>Sponsors&amp;Partners:<\/strong><br \/>\nsponsor@mad4pole.com<\/p>\n\n\t\t<\/div>\n\t<\/div>\n<\/div><\/div><\/div><\/div><\/div><\/div>\t\t\t<hr class=\"evenz-spacer-s\">\n\t\t\n\t<div class=\"wpb_text_column wpb_content_element\" >\n\t\t<div class=\"wpb_wrapper\">\n\t\t\t<p style=\"text-align: center;\"><span style=\"color: #ffffff;\">Click on the corresponding icon or fill in the form if you just want general information of the event.<\/span><\/p>\n\n\t\t<\/div>\n\t<\/div>\n<div class=\"vc_separator wpb_content_element vc_separator_align_center vc_sep_width_100 vc_sep_border_width_7 vc_sep_pos_align_center vc_separator_no_text vc_sep_color_white\" ><span class=\"vc_sep_holder vc_sep_holder_l\"><span class=\"vc_sep_line\"><\/span><\/span><span class=\"vc_sep_holder vc_sep_holder_r\"><span class=\"vc_sep_line\"><\/span><\/span>\n<\/div>\t\t\t<hr class=\"evenz-spacer-s\">\n\t\t\n<div class=\"wpcf7 no-js\" id=\"wpcf7-f1307-o1\" lang=\"en-US\" dir=\"ltr\">\n<div class=\"screen-reader-response\"><p role=\"status\" aria-live=\"polite\" aria-atomic=\"true\"><\/p> <ul><\/ul><\/div>\n<form action=\"\/en\/wp-json\/wp\/v2\/pages\/759#wpcf7-f1307-o1\" method=\"post\" class=\"wpcf7-form init\" aria-label=\"Contact form\" novalidate=\"novalidate\" data-status=\"init\" data-trp-original-action=\"\/en\/wp-json\/wp\/v2\/pages\/759#wpcf7-f1307-o1\">\n<div style=\"display: none;\">\n<input type=\"hidden\" name=\"_wpcf7\" value=\"1307\" \/>\n<input type=\"hidden\" name=\"_wpcf7_version\" value=\"5.7.5.1\" \/>\n<input type=\"hidden\" name=\"_wpcf7_locale\" value=\"en_US\" \/>\n<input type=\"hidden\" name=\"_wpcf7_unit_tag\" value=\"wpcf7-f1307-o1\" \/>\n<input type=\"hidden\" name=\"_wpcf7_container_post\" value=\"0\" \/>\n<input type=\"hidden\" name=\"_wpcf7_posted_data_hash\" value=\"\" \/>\n<input type=\"hidden\" name=\"_wpcf7_recaptcha_response\" value=\"\" \/>\n<\/div>\n<p><label>Your Message<\/label><span class=\"wpcf7-form-control-wrap\" data-name=\"msg\"><textarea cols=\"40\" rows=\"10\" class=\"wpcf7-form-control wpcf7-textarea\" aria-invalid=\"false\" placeholder=\"Your message\" name=\"msg\"><\/textarea><\/span>\n<\/p>\n<div class=\"evenz-row\">\n\t<div class=\"evenz-col evenz-m6\">\n\t\t<p><label> Name (required)<\/label><br \/>\n<span class=\"wpcf7-form-control-wrap\" data-name=\"your-name\"><input size=\"40\" class=\"wpcf7-form-control wpcf7-text wpcf7-validates-as-required\" aria-required=\"true\" aria-invalid=\"false\" placeholder=\"Your name\" value=\"\" type=\"text\" name=\"your-name\" \/><\/span>\n\t\t<\/p>\n\t<\/div>\n\t<div class=\"evenz-col evenz-m6\">\n\t\t<p><label> E-mail (required)<\/label><br \/>\n<span class=\"wpcf7-form-control-wrap\" data-name=\"your-mail\"><input size=\"40\" class=\"wpcf7-form-control wpcf7-text wpcf7-email wpcf7-validates-as-required wpcf7-validates-as-email\" aria-required=\"true\" aria-invalid=\"false\" placeholder=\"Your email address\" value=\"\" type=\"email\" name=\"your-mail\" \/><\/span>\n\t\t<\/p>\n\t<\/div>\n<\/div>\n<div class=\"evenz-row\">\n\t<div class=\"evenz-col evenz-m6\">\n\t\t<p><label> Phone number<\/label><br \/>\n<span class=\"wpcf7-form-control-wrap\" data-name=\"your-phone\"><input size=\"40\" class=\"wpcf7-form-control wpcf7-text wpcf7-tel wpcf7-validates-as-tel\" aria-invalid=\"false\" placeholder=\"Your phone number\" value=\"\" type=\"tel\" name=\"your-phone\" \/><\/span>\n\t\t<\/p>\n\t<\/div>\n\t<div class=\"evenz-col evenz-m6\">\n\t\t<p><label>&nbsp;<\/label><br \/>\n<span class=\"wpcf7-form-control-wrap\" data-name=\"your-consent\"><span class=\"wpcf7-form-control wpcf7-acceptance\"><span class=\"wpcf7-list-item\"><label><input type=\"checkbox\" name=\"your-consent\" value=\"1\" aria-invalid=\"false\" \/><span class=\"wpcf7-list-item-label\">I've read and I accept the Privacy Policy.<\/span><\/label><\/span><\/span><\/span>\n\t\t<\/p>\n\t<\/div>\n<\/div>\n<div class=\"evenz-row\">\n\t<div class=\"evenz-col evenz-m12\">\n\t\t<p><label>&nbsp;<\/label><br \/>\n<input class=\"wpcf7-form-control has-spinner wpcf7-submit evenz-btn__full\" type=\"submit\" value=\"Send message\" \/>\n\t\t<\/p>\n\t<\/div>\n<\/div><div class=\"wpcf7-response-output\" aria-hidden=\"true\"><\/div>\n<input type=\"hidden\" name=\"trp-form-language\" value=\"en\"\/><\/form>\n<\/div>\n\t\t\t<hr class=\"evenz-spacer-s\">\n\t\t\n\t<div class=\"wpb_text_column wpb_content_element  protecciondatos\" >\n\t\t<div class=\"wpb_wrapper\">\n\t\t\t<p><u>POL\u00cdTICA DE PROTECCI\u00d3N DE DATOS<\/u>. <strong>Responsable del tratamiento:<\/strong> Los datos tratados en el presente formulario, ser\u00e1n tratados por el particular Mar\u00eda Ju\u00e1rez Torres con NIF 50878182C y domicilio en C\/Poza de la Sal 4, 28031 MADRID como Responsable del Tratamiento de los datos. <strong>Finalidad<\/strong>: Le queremos informar que la finalidad de los datos recogidos es la gesti\u00f3n de usuarios de la p\u00e1gina web, as\u00ed como la gesti\u00f3n de comunicaci\u00f3n electr\u00f3nica. <strong>Legitimaci\u00f3n<\/strong>: consentimiento otorgado marcando la correspondiente casilla de verificaci\u00f3n. Sus datos personales ser\u00e1n tratados en base a nuestra pol\u00edtica de privacidad. <strong>Negativa otorgar el consentimiento:<\/strong> El hecho de que no introduzcas los datos que aparecen marcados como obligatorios en el formulario tendr\u00e1 como consecuencia la no atenci\u00f3n de su solicitud. <strong>Destinatarios<\/strong>: Sus datos no ser\u00e1n cedidos a ninguna empresa, salvo obligaci\u00f3n legal. <strong>Derechos<\/strong>: Puede acceder, rectificar y suprimir sus datos, portabilidad de los datos, limitaci\u00f3n u oposici\u00f3n a su tratamiento, derecho a no ser objeto de decisiones automatizadas, as\u00ed como a obtener informaci\u00f3n clara y transparente sobre el tratamiento de sus datos, tal como se explica en la informaci\u00f3n adicional. <strong>Derecho a presentar una reclamaci\u00f3n ante la Autoridad de Control (AEPD)<\/strong>: Desde MAD4POLE ponemos el m\u00e1ximo empe\u00f1o para cumplir con la normativa de protecci\u00f3n de datos dado que es el activo m\u00e1s valioso para nosotros. No obstante, le informamos que en caso de que usted entienda que sus derechos se han visto menoscabados, puede presentar una reclamaci\u00f3n ante nuestro Delegado de Protecci\u00f3n de Datos o ante la Agencia Espa\u00f1ola de Protecci\u00f3n de Datos (AEPD).<strong> Informaci\u00f3n adicional:<\/strong> Puede consultar la informaci\u00f3n adicional y detallada sobre protecci\u00f3n de Datos en nuestra p\u00e1gina web: <strong>www.mad4pole.com<\/strong><\/p>\n\n\t\t<\/div>\n\t<\/div>\n<\/div><\/div><\/div><div class=\"wpb_column vc_column_container vc_col-sm-2 vc_hidden-md vc_hidden-sm vc_hidden-xs\"><div class=\"vc_column-inner\"><div class=\"wpb_wrapper\"><\/div><\/div><\/div><\/div><\/div><\/div>\t\t<div class=\"evenz-bgimg evenz-bgimg__vc evenz-bgimg__parallax\" data-evenz-parallax>\n\t\t\t<img data-stellar-ratio=\"0.02\" src=\"https:\/\/mad4pole.com\/wp-content\/uploads\/2019\/08\/newsletter-background-1.png\" alt=\"Background\">\n\t\t<\/div>\n\t<\/div>\n<\/section>","protected":false},"excerpt":{"rendered":"SI LA DUDA TE ASALTA: ENV\u00cdANOS UN CUERVO SI LA DUDA TE ASALTA: ENV\u00cdANOS UN CUERVO Pre-inscripci\u00f3n: candidate@mad4pole.com Seleccionados: artist@mad4pole.com Sponsors&amp;Partners: sponsor@mad4pole.com Pincha en el icono del mail correspondiente o rellena el formulario de abajo si s\u00f3lo quieres informaci\u00f3n general del evento Tu Mensaje Nombre (requerido) E-mail (requerido) N\u00famero de [...]","protected":false},"author":1,"featured_media":0,"parent":0,"menu_order":0,"comment_status":"closed","ping_status":"closed","template":"page-fullwidth.php","meta":[],"_links":{"self":[{"href":"https:\/\/mad4pole.com\/en\/wp-json\/wp\/v2\/pages\/759"}],"collection":[{"href":"https:\/\/mad4pole.com\/en\/wp-json\/wp\/v2\/pages"}],"about":[{"href":"https:\/\/mad4pole.com\/en\/wp-json\/wp\/v2\/types\/page"}],"author":[{"embeddable":true,"href":"https:\/\/mad4pole.com\/en\/wp-json\/wp\/v2\/users\/1"}],"replies":[{"embeddable":true,"href":"https:\/\/mad4pole.com\/en\/wp-json\/wp\/v2\/comments?post=759"}],"version-history":[{"count":58,"href":"https:\/\/mad4pole.com\/en\/wp-json\/wp\/v2\/pages\/759\/revisions"}],"predecessor-version":[{"id":2153,"href":"https:\/\/mad4pole.com\/en\/wp-json\/wp\/v2\/pages\/759\/revisions\/2153"}],"wp:attachment":[{"href":"https:\/\/mad4pole.com\/en\/wp-json\/wp\/v2\/media?parent=759"}],"curies":[{"name":"wp","href":"https:\/\/api.w.org\/{rel}","templated":true}]}}