{"id":2489,"date":"2019-12-08T01:07:07","date_gmt":"2019-12-07T23:07:07","guid":{"rendered":"https:\/\/mad4pole.com\/?page_id=2489"},"modified":"2019-12-08T01:30:33","modified_gmt":"2019-12-07T23:30:33","slug":"isa-nemesys","status":"publish","type":"page","link":"https:\/\/mad4pole.com\/en\/isa-nemesys\/","title":{"rendered":"Isa Nemesys"},"content":{"rendered":"<section class=\"wpb-content-wrapper\"><div class=\"evenz-vc-row-container\" ><div class=\"vc_row evenz-stickycont wpb_row evenz-vc_row\"><div class=\"evenz-rowcontainer-vc\"><div class=\"evenz-rowcontent\"><div class=\"wpb_column vc_column_container vc_col-sm-6\"><div class=\"vc_column-inner\"><div class=\"wpb_wrapper\">\n\t<div class=\"wpb_text_column wpb_content_element\" >\n\t\t<div class=\"wpb_wrapper\">\n\t\t\t<h1>Isa Nemesys<\/h1>\n<p><img decoding=\"async\" loading=\"lazy\" class=\"size-medium wp-image-1713 alignnone\" src=\"https:\/\/mad4pole.com\/wp\/wp-content\/uploads\/2019\/08\/L\u00ednea-01-770x31.png\" alt=\"\" width=\"770\" height=\"31\" srcset=\"https:\/\/mad4pole.com\/wp-content\/uploads\/2019\/08\/L\u00ednea-01-770x31.png 770w, https:\/\/mad4pole.com\/wp-content\/uploads\/2019\/08\/L\u00ednea-01-768x31.png 768w, https:\/\/mad4pole.com\/wp-content\/uploads\/2019\/08\/L\u00ednea-01.png 1042w\" sizes=\"(max-width: 770px) 100vw, 770px\" \/>Isa Nemesys is Spanish Pole Dance history. She is an instructor, performer and international judge. She pioneered the Spanish Federation and created the biggest online pole dance community in Spain: Ol\u00e9Pole.<\/p>\n<p>She teaches Pole since 2011 with classes in several spanish studios and running her original and irrepetible workshops around the country.<\/p>\n<p>She has been judge in most of the Championships hosted in Spain since 2013 and all of the Competitions organised by the International Federation (IPSF) in our country. She also was judge in the Sport and Artistic Pole Italy Championship in 2017 and 2018.<\/p>\n<p>We have seen her performing in the Brussels Pole Fusion, the Madrid Extreme Pole Show and the Metal Rock Pole Show, flying solo or with her groups Las Polegialas and Paranormal Poletivity.<\/p>\n<p>She has also debut in Teatro Arenal, Shoko Madrid and La Riviera, as part of the artistic group \"Carnage \u00e0 Trois\" performing Polesque (Pole Dance and Burlesque) and she has taken part in several television shows, radio and press as a Burlesque, Stripdance and Pole Dance instructor.<\/p>\n\n\t\t<\/div>\n\t<\/div>\n<\/div><\/div><\/div><div class=\"wpb_column vc_column_container vc_col-sm-6\"><div class=\"vc_column-inner\"><div class=\"wpb_wrapper\">\n\t<div  class=\"wpb_single_image wpb_content_element vc_align_left\">\n\t\t\n\t\t<figure class=\"wpb_wrapper vc_figure\">\n\t\t\t<div class=\"vc_single_image-wrapper   vc_box_border_grey\"><img width=\"550\" height=\"770\" src=\"https:\/\/mad4pole.com\/wp-content\/uploads\/2019\/08\/foto-Isa-perfil-550x770.jpg\" class=\"vc_single_image-img attachment-medium\" alt=\"\" decoding=\"async\" loading=\"lazy\" title=\"foto Isa perfil\" srcset=\"https:\/\/mad4pole.com\/wp-content\/uploads\/2019\/08\/foto-Isa-perfil-550x770.jpg 550w, https:\/\/mad4pole.com\/wp-content\/uploads\/2019\/08\/foto-Isa-perfil.jpg 708w\" sizes=\"(max-width: 550px) 100vw, 550px\" \/><\/div>\n\t\t<\/figure>\n\t<\/div>\n<\/div><\/div><\/div><\/div><\/div><\/div><\/div><div class=\"evenz-vc-row-container\" ><div class=\"vc_row evenz-stickycont wpb_row evenz-vc_row\"><div class=\"evenz-rowcontainer-vc\"><div class=\"evenz-rowcontent\"><div class=\"wpb_column vc_column_container vc_col-sm-12\"><div class=\"vc_column-inner\"><div class=\"wpb_wrapper\">\t\t\t<hr class=\"evenz-spacer-xs\">\n\t\t\n\t<div class=\"wpb_text_column wpb_content_element\" >\n\t\t<div class=\"wpb_wrapper\">\n\t\t\t<h3><strong>Pole titles and achievements<\/strong><\/h3>\n<ul>\n<li class=\"p1\">Certified Judge and Coach in Regional, Nacional and International Championships by the International Pole Sport Federation (IPSF)<\/li>\n<\/ul>\n\n\t\t<\/div>\n\t<\/div>\n\t\t\t<hr class=\"evenz-spacer-s\">\n\t\t<\/div><\/div><\/div><\/div><\/div><\/div><\/div><div class=\"evenz-vc-row-container\" ><div class=\"vc_row evenz-stickycont wpb_row evenz-vc_row\"><div class=\"evenz-rowcontainer-vc\"><div class=\"evenz-rowcontent\"><div class=\"wpb_column vc_column_container vc_col-sm-12\"><div class=\"vc_column-inner\"><div class=\"wpb_wrapper\">\n\t<div class=\"wpb_text_column wpb_content_element\" >\n\t\t<div class=\"wpb_wrapper\">\n\t\t\t<h3>What is your worst nightmare?<\/h3>\n<p>\u00abMuchas veces sue\u00f1o que el ascensor se queda atascado en el fondo del hueco o en lo m\u00e1s alto, que la puerta da a una pared de hormig\u00f3n, hay peligro de que el ascensor se descuelgue y nadie se ha enterado de que estoy atrapada&#8230;.\u00bb<\/p>\n\n\t\t<\/div>\n\t<\/div>\n\t\t\t<hr class=\"evenz-spacer-m\">\n\t\t<div class=\"vc_row wpb_row vc_inner evenz-vc_row\"><div class=\"evenz-rowcontainer-vc\"><div class=\"evenz-rowcontent\"><div class=\"wpb_column vc_column_container vc_col-sm-2\"><div class=\"vc_column-inner\"><div class=\"wpb_wrapper\"><\/div><\/div><\/div><div class=\"wpb_column vc_column_container vc_col-sm-8\"><div class=\"vc_column-inner\"><div class=\"wpb_wrapper\"><div class=\"wpb_images_carousel wpb_content_element vc_clearfix\"><div class=\"wpb_wrapper\"><div id=\"vc_images-carousel-1-1778676440\" data-ride=\"vc_carousel\" data-wrap=\"true\" style=\"width: 770px;\" data-interval=\"5000\" data-auto-height=\"yes\" data-mode=\"horizontal\" data-partial=\"false\" data-per-view=\"1\" data-hide-on-end=\"false\" class=\"vc_slide vc_images_carousel\"><ol class=\"vc_carousel-indicators\"><li data-target=\"#vc_images-carousel-1-1778676440\" data-slide-to=\"0\"><\/li><li data-target=\"#vc_images-carousel-1-1778676440\" data-slide-to=\"1\"><\/li><li data-target=\"#vc_images-carousel-1-1778676440\" data-slide-to=\"2\"><\/li><li data-target=\"#vc_images-carousel-1-1778676440\" data-slide-to=\"3\"><\/li><li data-target=\"#vc_images-carousel-1-1778676440\" data-slide-to=\"4\"><\/li><\/ol><div class=\"vc_carousel-inner\"><div class=\"vc_carousel-slideline\"><div class=\"vc_carousel-slideline-inner\"><div class=\"vc_item\"><div class=\"vc_inner\"><img width=\"770\" height=\"457\" src=\"https:\/\/mad4pole.com\/wp-content\/uploads\/2019\/12\/Slide1-3-770x457.jpg\" class=\"attachment-medium\" alt=\"\" decoding=\"async\" loading=\"lazy\" title=\"Slide1\" srcset=\"https:\/\/mad4pole.com\/wp-content\/uploads\/2019\/12\/Slide1-3-770x457.jpg 770w, https:\/\/mad4pole.com\/wp-content\/uploads\/2019\/12\/Slide1-3-768x456.jpg 768w, https:\/\/mad4pole.com\/wp-content\/uploads\/2019\/12\/Slide1-3-1170x695.jpg 1170w, https:\/\/mad4pole.com\/wp-content\/uploads\/2019\/12\/Slide1-3.jpg 2048w\" sizes=\"(max-width: 770px) 100vw, 770px\" \/><\/div><\/div><div class=\"vc_item\"><div class=\"vc_inner\"><img width=\"770\" height=\"457\" src=\"https:\/\/mad4pole.com\/wp-content\/uploads\/2019\/08\/Slide5-1-770x457.jpg\" class=\"attachment-medium\" alt=\"\" decoding=\"async\" loading=\"lazy\" title=\"Slide5\" srcset=\"https:\/\/mad4pole.com\/wp-content\/uploads\/2019\/08\/Slide5-1-770x457.jpg 770w, https:\/\/mad4pole.com\/wp-content\/uploads\/2019\/08\/Slide5-1-768x456.jpg 768w, https:\/\/mad4pole.com\/wp-content\/uploads\/2019\/08\/Slide5-1-1170x695.jpg 1170w, https:\/\/mad4pole.com\/wp-content\/uploads\/2019\/08\/Slide5-1.jpg 2048w\" sizes=\"(max-width: 770px) 100vw, 770px\" \/><\/div><\/div><div class=\"vc_item\"><div class=\"vc_inner\"><img width=\"770\" height=\"457\" src=\"https:\/\/mad4pole.com\/wp-content\/uploads\/2019\/12\/Slide3-2-770x457.jpg\" class=\"attachment-medium\" alt=\"\" decoding=\"async\" loading=\"lazy\" title=\"Slide3\" srcset=\"https:\/\/mad4pole.com\/wp-content\/uploads\/2019\/12\/Slide3-2-770x457.jpg 770w, https:\/\/mad4pole.com\/wp-content\/uploads\/2019\/12\/Slide3-2-768x456.jpg 768w, https:\/\/mad4pole.com\/wp-content\/uploads\/2019\/12\/Slide3-2-1170x695.jpg 1170w, https:\/\/mad4pole.com\/wp-content\/uploads\/2019\/12\/Slide3-2.jpg 2048w\" sizes=\"(max-width: 770px) 100vw, 770px\" \/><\/div><\/div><div class=\"vc_item\"><div class=\"vc_inner\"><img width=\"770\" height=\"457\" src=\"https:\/\/mad4pole.com\/wp-content\/uploads\/2019\/12\/Slide2-1-770x457.jpg\" class=\"attachment-medium\" alt=\"\" decoding=\"async\" loading=\"lazy\" title=\"Slide2\" srcset=\"https:\/\/mad4pole.com\/wp-content\/uploads\/2019\/12\/Slide2-1-770x457.jpg 770w, https:\/\/mad4pole.com\/wp-content\/uploads\/2019\/12\/Slide2-1-768x456.jpg 768w, https:\/\/mad4pole.com\/wp-content\/uploads\/2019\/12\/Slide2-1-1170x695.jpg 1170w, https:\/\/mad4pole.com\/wp-content\/uploads\/2019\/12\/Slide2-1.jpg 2048w\" sizes=\"(max-width: 770px) 100vw, 770px\" \/><\/div><\/div><div class=\"vc_item\"><div class=\"vc_inner\"><img width=\"770\" height=\"457\" src=\"https:\/\/mad4pole.com\/wp-content\/uploads\/2019\/08\/Slide4-1-770x457.jpg\" class=\"attachment-medium\" alt=\"\" decoding=\"async\" loading=\"lazy\" title=\"Slide4\" srcset=\"https:\/\/mad4pole.com\/wp-content\/uploads\/2019\/08\/Slide4-1-770x457.jpg 770w, https:\/\/mad4pole.com\/wp-content\/uploads\/2019\/08\/Slide4-1-768x456.jpg 768w, https:\/\/mad4pole.com\/wp-content\/uploads\/2019\/08\/Slide4-1-1170x695.jpg 1170w, https:\/\/mad4pole.com\/wp-content\/uploads\/2019\/08\/Slide4-1.jpg 2048w\" sizes=\"(max-width: 770px) 100vw, 770px\" \/><\/div><\/div><\/div><\/div><\/div><a class=\"vc_left vc_carousel-control\" href=\"#vc_images-carousel-1-1778676440\" data-slide=\"prev\"><span class=\"icon-prev\"><\/span><\/a><a class=\"vc_right vc_carousel-control\" href=\"#vc_images-carousel-1-1778676440\" data-slide=\"next\"><span class=\"icon-next\"><\/span><\/a><\/div><\/div><\/div><\/div><\/div><\/div><div class=\"wpb_column vc_column_container vc_col-sm-2\"><div class=\"vc_column-inner\"><div class=\"wpb_wrapper\"><\/div><\/div><\/div><\/div><\/div><\/div><\/div><\/div><\/div><\/div><\/div><\/div><\/div>\n<\/section>","protected":false},"excerpt":{"rendered":"Isa Nemesys Isa Nemesys es historia del Pole Dance espa\u00f1ol. Instructora, performer y jueza internacional. Pionera en la creaci\u00f3n de una Federaci\u00f3n Espa\u00f1ola y creadora de la comunidad polera m\u00e1s grande de Espa\u00f1a: Ol\u00e9Pole. Es instructora de Pole desde 2011, dando clase en distintas escuelas espa\u00f1olas y viajando por todo [...]","protected":false},"author":1,"featured_media":2492,"parent":0,"menu_order":0,"comment_status":"closed","ping_status":"closed","template":"page-wide.php","meta":[],"_links":{"self":[{"href":"https:\/\/mad4pole.com\/en\/wp-json\/wp\/v2\/pages\/2489"}],"collection":[{"href":"https:\/\/mad4pole.com\/en\/wp-json\/wp\/v2\/pages"}],"about":[{"href":"https:\/\/mad4pole.com\/en\/wp-json\/wp\/v2\/types\/page"}],"author":[{"embeddable":true,"href":"https:\/\/mad4pole.com\/en\/wp-json\/wp\/v2\/users\/1"}],"replies":[{"embeddable":true,"href":"https:\/\/mad4pole.com\/en\/wp-json\/wp\/v2\/comments?post=2489"}],"version-history":[{"count":8,"href":"https:\/\/mad4pole.com\/en\/wp-json\/wp\/v2\/pages\/2489\/revisions"}],"predecessor-version":[{"id":2510,"href":"https:\/\/mad4pole.com\/en\/wp-json\/wp\/v2\/pages\/2489\/revisions\/2510"}],"wp:featuredmedia":[{"embeddable":true,"href":"https:\/\/mad4pole.com\/en\/wp-json\/wp\/v2\/media\/2492"}],"wp:attachment":[{"href":"https:\/\/mad4pole.com\/en\/wp-json\/wp\/v2\/media?parent=2489"}],"curies":[{"name":"wp","href":"https:\/\/api.w.org\/{rel}","templated":true}]}}