{"id":2468,"date":"2019-12-08T00:31:44","date_gmt":"2019-12-07T22:31:44","guid":{"rendered":"https:\/\/mad4pole.com\/?page_id=2468"},"modified":"2019-12-08T01:33:59","modified_gmt":"2019-12-07T23:33:59","slug":"nicolas-casanova","status":"publish","type":"page","link":"https:\/\/mad4pole.com\/en\/nicolas-casanova\/","title":{"rendered":"Nicolas Casanova"},"content":{"rendered":"<section class=\"wpb-content-wrapper\"><div class=\"evenz-vc-row-container\" ><div class=\"vc_row evenz-stickycont wpb_row evenz-vc_row\"><div class=\"evenz-rowcontainer-vc\"><div class=\"evenz-rowcontent\"><div class=\"wpb_column vc_column_container vc_col-sm-6\"><div class=\"vc_column-inner\"><div class=\"wpb_wrapper\">\n\t<div class=\"wpb_text_column wpb_content_element\" >\n\t\t<div class=\"wpb_wrapper\">\n\t\t\t<h1>Casanova<\/h1>\n<p><img decoding=\"async\" loading=\"lazy\" class=\"size-medium wp-image-1713 alignnone\" src=\"https:\/\/mad4pole.com\/wp\/wp-content\/uploads\/2019\/08\/L\u00ednea-01-770x31.png\" alt=\"\" width=\"770\" height=\"31\" srcset=\"https:\/\/mad4pole.com\/wp-content\/uploads\/2019\/08\/L\u00ednea-01-770x31.png 770w, https:\/\/mad4pole.com\/wp-content\/uploads\/2019\/08\/L\u00ednea-01-768x31.png 768w, https:\/\/mad4pole.com\/wp-content\/uploads\/2019\/08\/L\u00ednea-01.png 1042w\" sizes=\"(max-width: 770px) 100vw, 770px\" \/>Nico Casanova is a French artist. Pole Dancer, dancer and choreographer.<\/p>\n<p>He began dancing at the age of 4. He studied modern and contemporary dance, ballet, ballroom dancing, tap dancing and hip hop. When he was 15 he was selected during a workshop to benefit from a scholarship to go to study to L.A.<\/p>\n<p>Back from California he started his dancing career in Paris. He danced in several TV shows, music videos and live concerts. And finally he found about Pole Dance and felt immediately attracted.<\/p>\n<p>He began training on his own at Pole and Dance, with Laurence Hilsum, where he became an instructor years later.<\/p>\n<p>Nowadays he teaches dance and Pole Dance while he performances around the world.<\/p>\n<h3><strong>Pole titles and achievements<\/strong><\/h3>\n<ul>\n<li class=\"p1\">French pole dance champion 2015<\/li>\n<li class=\"p1\">Overall pole theatre France 2017<\/li>\n<li class=\"p1\">Runner up pole art France 2015<\/li>\n<\/ul>\n\n\t\t<\/div>\n\t<\/div>\n<\/div><\/div><\/div><div class=\"wpb_column vc_column_container vc_col-sm-6\"><div class=\"vc_column-inner\"><div class=\"wpb_wrapper\">\n\t<div  class=\"wpb_single_image wpb_content_element vc_align_left\">\n\t\t\n\t\t<figure class=\"wpb_wrapper vc_figure\">\n\t\t\t<div class=\"vc_single_image-wrapper   vc_box_border_grey\"><img width=\"550\" height=\"770\" src=\"https:\/\/mad4pole.com\/wp-content\/uploads\/2019\/08\/foto-nico-perfil-550x770.jpg\" class=\"vc_single_image-img attachment-medium\" alt=\"\" decoding=\"async\" loading=\"lazy\" title=\"foto nico perfil\" srcset=\"https:\/\/mad4pole.com\/wp-content\/uploads\/2019\/08\/foto-nico-perfil-550x770.jpg 550w, https:\/\/mad4pole.com\/wp-content\/uploads\/2019\/08\/foto-nico-perfil.jpg 708w\" sizes=\"(max-width: 550px) 100vw, 550px\" \/><\/div>\n\t\t<\/figure>\n\t<\/div>\n<\/div><\/div><\/div><\/div><\/div><\/div><\/div><div class=\"evenz-vc-row-container\" ><div class=\"vc_row evenz-stickycont wpb_row evenz-vc_row\"><div class=\"evenz-rowcontainer-vc\"><div class=\"evenz-rowcontent\"><div class=\"wpb_column vc_column_container vc_col-sm-12\"><div class=\"vc_column-inner\"><div class=\"wpb_wrapper\">\n\t<div class=\"wpb_text_column wpb_content_element\" >\n\t\t<div class=\"wpb_wrapper\">\n\t\t\t<h3>What is your worst nightmare?<\/h3>\n<p>\u00abSer atacado por una bandada de palomas\u00bb<\/p>\n\n\t\t<\/div>\n\t<\/div>\n\t\t\t<hr class=\"evenz-spacer-m\">\n\t\t<\/div><\/div><\/div><\/div><\/div><\/div><\/div><div class=\"evenz-vc-row-container\" ><div class=\"vc_row evenz-stickycont wpb_row evenz-vc_row\"><div class=\"evenz-rowcontainer-vc\"><div class=\"evenz-rowcontent\"><div class=\"wpb_column vc_column_container vc_col-sm-2\"><div class=\"vc_column-inner\"><div class=\"wpb_wrapper\"><\/div><\/div><\/div><div class=\"wpb_column vc_column_container vc_col-sm-8\"><div class=\"vc_column-inner\"><div class=\"wpb_wrapper\"><div class=\"wpb_images_carousel wpb_content_element vc_clearfix\"><div class=\"wpb_wrapper\"><div id=\"vc_images-carousel-1-1778676456\" data-ride=\"vc_carousel\" data-wrap=\"true\" style=\"width: 770px;\" data-interval=\"5000\" data-auto-height=\"yes\" data-mode=\"horizontal\" data-partial=\"false\" data-per-view=\"1\" data-hide-on-end=\"false\" class=\"vc_slide vc_images_carousel\"><ol class=\"vc_carousel-indicators\"><li data-target=\"#vc_images-carousel-1-1778676456\" data-slide-to=\"0\"><\/li><li data-target=\"#vc_images-carousel-1-1778676456\" data-slide-to=\"1\"><\/li><li data-target=\"#vc_images-carousel-1-1778676456\" data-slide-to=\"2\"><\/li><li data-target=\"#vc_images-carousel-1-1778676456\" data-slide-to=\"3\"><\/li><\/ol><div class=\"vc_carousel-inner\"><div class=\"vc_carousel-slideline\"><div class=\"vc_carousel-slideline-inner\"><div class=\"vc_item\"><div class=\"vc_inner\"><img width=\"770\" height=\"457\" src=\"https:\/\/mad4pole.com\/wp-content\/uploads\/2019\/12\/Slide1-1-770x457.jpg\" class=\"attachment-medium\" alt=\"\" decoding=\"async\" loading=\"lazy\" title=\"Slide1\" srcset=\"https:\/\/mad4pole.com\/wp-content\/uploads\/2019\/12\/Slide1-1-770x457.jpg 770w, https:\/\/mad4pole.com\/wp-content\/uploads\/2019\/12\/Slide1-1-768x456.jpg 768w, https:\/\/mad4pole.com\/wp-content\/uploads\/2019\/12\/Slide1-1-1170x695.jpg 1170w, https:\/\/mad4pole.com\/wp-content\/uploads\/2019\/12\/Slide1-1.jpg 2048w\" sizes=\"(max-width: 770px) 100vw, 770px\" \/><\/div><\/div><div class=\"vc_item\"><div class=\"vc_inner\"><img width=\"770\" height=\"457\" src=\"https:\/\/mad4pole.com\/wp-content\/uploads\/2019\/12\/Slide1-2-770x457.jpg\" class=\"attachment-medium\" alt=\"\" decoding=\"async\" loading=\"lazy\" title=\"Slide1\" srcset=\"https:\/\/mad4pole.com\/wp-content\/uploads\/2019\/12\/Slide1-2-770x457.jpg 770w, https:\/\/mad4pole.com\/wp-content\/uploads\/2019\/12\/Slide1-2-768x456.jpg 768w, https:\/\/mad4pole.com\/wp-content\/uploads\/2019\/12\/Slide1-2-1170x695.jpg 1170w, https:\/\/mad4pole.com\/wp-content\/uploads\/2019\/12\/Slide1-2.jpg 2048w\" sizes=\"(max-width: 770px) 100vw, 770px\" \/><\/div><\/div><div class=\"vc_item\"><div class=\"vc_inner\"><img width=\"770\" height=\"457\" src=\"https:\/\/mad4pole.com\/wp-content\/uploads\/2019\/12\/Slide3-1-770x457.jpg\" class=\"attachment-medium\" alt=\"\" decoding=\"async\" loading=\"lazy\" title=\"Slide3\" srcset=\"https:\/\/mad4pole.com\/wp-content\/uploads\/2019\/12\/Slide3-1-770x457.jpg 770w, https:\/\/mad4pole.com\/wp-content\/uploads\/2019\/12\/Slide3-1-768x456.jpg 768w, https:\/\/mad4pole.com\/wp-content\/uploads\/2019\/12\/Slide3-1-1170x695.jpg 1170w, https:\/\/mad4pole.com\/wp-content\/uploads\/2019\/12\/Slide3-1.jpg 2048w\" sizes=\"(max-width: 770px) 100vw, 770px\" \/><\/div><\/div><div class=\"vc_item\"><div class=\"vc_inner\"><img width=\"770\" height=\"457\" src=\"https:\/\/mad4pole.com\/wp-content\/uploads\/2019\/12\/Slide4-1-770x457.jpg\" class=\"attachment-medium\" alt=\"\" decoding=\"async\" loading=\"lazy\" title=\"Slide4\" srcset=\"https:\/\/mad4pole.com\/wp-content\/uploads\/2019\/12\/Slide4-1-770x457.jpg 770w, https:\/\/mad4pole.com\/wp-content\/uploads\/2019\/12\/Slide4-1-768x456.jpg 768w, https:\/\/mad4pole.com\/wp-content\/uploads\/2019\/12\/Slide4-1-1170x695.jpg 1170w, https:\/\/mad4pole.com\/wp-content\/uploads\/2019\/12\/Slide4-1.jpg 2048w\" sizes=\"(max-width: 770px) 100vw, 770px\" \/><\/div><\/div><\/div><\/div><\/div><a class=\"vc_left vc_carousel-control\" href=\"#vc_images-carousel-1-1778676456\" data-slide=\"prev\"><span class=\"icon-prev\"><\/span><\/a><a class=\"vc_right vc_carousel-control\" href=\"#vc_images-carousel-1-1778676456\" data-slide=\"next\"><span class=\"icon-next\"><\/span><\/a><\/div><\/div><\/div><\/div><\/div><\/div><div class=\"wpb_column vc_column_container vc_col-sm-2\"><div class=\"vc_column-inner\"><div class=\"wpb_wrapper\"><\/div><\/div><\/div><\/div><\/div><\/div><\/div>\n<\/section>","protected":false},"excerpt":{"rendered":"Casanova Nico Casanova es un artista frances. Pole dancer, bailar\u00edn y core\u00f3grafo. Comenz\u00f3 a bailar a los 4 a\u00f1os. Estudi\u00f3 danza moderna, contemporanea, ballet, bailes de sal\u00f3n, claqu\u00e9 y hip hop. A los 15 a\u00f1os fue seleccionado durante un workshop para disfrutar una beca en Los \u00c1ngeles. Al volver de [...]","protected":false},"author":1,"featured_media":2471,"parent":0,"menu_order":0,"comment_status":"closed","ping_status":"closed","template":"page-wide.php","meta":[],"_links":{"self":[{"href":"https:\/\/mad4pole.com\/en\/wp-json\/wp\/v2\/pages\/2468"}],"collection":[{"href":"https:\/\/mad4pole.com\/en\/wp-json\/wp\/v2\/pages"}],"about":[{"href":"https:\/\/mad4pole.com\/en\/wp-json\/wp\/v2\/types\/page"}],"author":[{"embeddable":true,"href":"https:\/\/mad4pole.com\/en\/wp-json\/wp\/v2\/users\/1"}],"replies":[{"embeddable":true,"href":"https:\/\/mad4pole.com\/en\/wp-json\/wp\/v2\/comments?post=2468"}],"version-history":[{"count":10,"href":"https:\/\/mad4pole.com\/en\/wp-json\/wp\/v2\/pages\/2468\/revisions"}],"predecessor-version":[{"id":2540,"href":"https:\/\/mad4pole.com\/en\/wp-json\/wp\/v2\/pages\/2468\/revisions\/2540"}],"wp:featuredmedia":[{"embeddable":true,"href":"https:\/\/mad4pole.com\/en\/wp-json\/wp\/v2\/media\/2471"}],"wp:attachment":[{"href":"https:\/\/mad4pole.com\/en\/wp-json\/wp\/v2\/media?parent=2468"}],"curies":[{"name":"wp","href":"https:\/\/api.w.org\/{rel}","templated":true}]}}