{"id":2452,"date":"2019-12-06T22:53:35","date_gmt":"2019-12-06T20:53:35","guid":{"rendered":"https:\/\/mad4pole.com\/?page_id=2452"},"modified":"2020-03-08T00:04:24","modified_gmt":"2020-03-07T22:04:24","slug":"shara-lecter","status":"publish","type":"page","link":"https:\/\/mad4pole.com\/en\/shara-lecter\/","title":{"rendered":"Shara Lecter"},"content":{"rendered":"<section class=\"wpb-content-wrapper\"><div class=\"evenz-vc-row-container\" ><div class=\"vc_row evenz-stickycont wpb_row evenz-vc_row\"><div class=\"evenz-rowcontainer-vc\"><div class=\"evenz-rowcontent\"><div class=\"wpb_column vc_column_container vc_col-sm-6\"><div class=\"vc_column-inner\"><div class=\"wpb_wrapper\">\n\t<div class=\"wpb_text_column wpb_content_element\" >\n\t\t<div class=\"wpb_wrapper\">\n\t\t\t<h1>Lecter<\/h1>\n<p><img decoding=\"async\" loading=\"lazy\" class=\"size-medium wp-image-1713 alignnone\" src=\"https:\/\/mad4pole.com\/wp\/wp-content\/uploads\/2019\/08\/L\u00ednea-01-770x31.png\" alt=\"\" width=\"770\" height=\"31\" srcset=\"https:\/\/mad4pole.com\/wp-content\/uploads\/2019\/08\/L\u00ednea-01-770x31.png 770w, https:\/\/mad4pole.com\/wp-content\/uploads\/2019\/08\/L\u00ednea-01-768x31.png 768w, https:\/\/mad4pole.com\/wp-content\/uploads\/2019\/08\/L\u00ednea-01.png 1042w\" sizes=\"(max-width: 770px) 100vw, 770px\" \/>Shara Lecter was born in Madrid, to a Colombian mother and Spanish father.<\/p>\n<p>Since childhood she was keen on dance and aesthetics, and she started to study classic ballet. Years after she took interest in Fitness and she began an amazing career as bikini fitness model, where she became national champion. Nowadays she is still an idol, a reference and a example of physical and mental health in body training.<\/p>\n<p>Her live experience encourage her to become an entrepreneur. She got a degree in Social Integration and afterwards in Nursery.<\/p>\n<p>In 2012 Shara discovered her passion for Pole Dancing and decided to make a life out of it. She became the runner-up in a national contest and she won a prestigious International competition.<\/p>\n<p>At present she works for show business multinationals all over the world, specialized in circus and acrobatics. She is a Pole Dance teacher in her own studio and her online academy. A few years back she created her own championship: <strong>PoleXpression<\/strong>a contest that wants to be a talent pool, to spread Pole Dance and catapult new pole stars.<\/p>\n\n\t\t<\/div>\n\t<\/div>\n<\/div><\/div><\/div><div class=\"wpb_column vc_column_container vc_col-sm-6\"><div class=\"vc_column-inner\"><div class=\"wpb_wrapper\">\n\t<div  class=\"wpb_single_image wpb_content_element vc_align_left\">\n\t\t\n\t\t<figure class=\"wpb_wrapper vc_figure\">\n\t\t\t<div class=\"vc_single_image-wrapper   vc_box_border_grey\"><img width=\"550\" height=\"770\" src=\"https:\/\/mad4pole.com\/wp-content\/uploads\/2019\/08\/foto-shara-perfil-550x770.jpg\" class=\"vc_single_image-img attachment-medium\" alt=\"\" decoding=\"async\" loading=\"lazy\" title=\"foto shara perfil\" srcset=\"https:\/\/mad4pole.com\/wp-content\/uploads\/2019\/08\/foto-shara-perfil-550x770.jpg 550w, https:\/\/mad4pole.com\/wp-content\/uploads\/2019\/08\/foto-shara-perfil.jpg 708w\" sizes=\"(max-width: 550px) 100vw, 550px\" \/><\/div>\n\t\t<\/figure>\n\t<\/div>\n<\/div><\/div><\/div><\/div><\/div><\/div><\/div><div class=\"evenz-vc-row-container\" ><div class=\"vc_row evenz-stickycont wpb_row evenz-vc_row\"><div class=\"evenz-rowcontainer-vc\"><div class=\"evenz-rowcontent\"><div class=\"wpb_column vc_column_container vc_col-sm-12\"><div class=\"vc_column-inner\"><div class=\"wpb_wrapper\">\t\t\t<hr class=\"evenz-spacer-xs\">\n\t\t\n\t<div class=\"wpb_text_column wpb_content_element\" >\n\t\t<div class=\"wpb_wrapper\">\n\t\t\t<p>Shara is not only an artist, but a show girl, a media performer, an actress and a model.<\/p>\n<p>Right now is the face of American Nutrition and she has a main role in the cast of Clandestion Cabaret.<\/p>\n\n\t\t<\/div>\n\t<\/div>\n\t\t\t<hr class=\"evenz-spacer-s\">\n\t\t<\/div><\/div><\/div><\/div><\/div><\/div><\/div><div class=\"evenz-vc-row-container\" ><div class=\"vc_row evenz-stickycont wpb_row evenz-vc_row\"><div class=\"evenz-rowcontainer-vc\"><div class=\"evenz-rowcontent\"><div class=\"wpb_column vc_column_container vc_col-sm-8\"><div class=\"vc_column-inner\"><div class=\"wpb_wrapper\">\n\t<div class=\"wpb_text_column wpb_content_element\" >\n\t\t<div class=\"wpb_wrapper\">\n\t\t\t<h3>What is your worst nightmare?<\/h3>\n<p>\"Spend a night in a room full of clowns and porcelain dolls\"<\/p>\n\n\t\t<\/div>\n\t<\/div>\n\t\t\t<hr class=\"evenz-spacer-m\">\n\t\t<div class=\"wpb_images_carousel wpb_content_element vc_clearfix\"><div class=\"wpb_wrapper\"><div id=\"vc_images-carousel-1-1778676440\" data-ride=\"vc_carousel\" data-wrap=\"true\" style=\"width: 770px;\" data-interval=\"5000\" data-auto-height=\"yes\" data-mode=\"horizontal\" data-partial=\"false\" data-per-view=\"1\" data-hide-on-end=\"false\" class=\"vc_slide vc_images_carousel\"><ol class=\"vc_carousel-indicators\"><li data-target=\"#vc_images-carousel-1-1778676440\" data-slide-to=\"0\"><\/li><li data-target=\"#vc_images-carousel-1-1778676440\" data-slide-to=\"1\"><\/li><li data-target=\"#vc_images-carousel-1-1778676440\" data-slide-to=\"2\"><\/li><li data-target=\"#vc_images-carousel-1-1778676440\" data-slide-to=\"3\"><\/li><li data-target=\"#vc_images-carousel-1-1778676440\" data-slide-to=\"4\"><\/li><li data-target=\"#vc_images-carousel-1-1778676440\" data-slide-to=\"5\"><\/li><\/ol><div class=\"vc_carousel-inner\"><div class=\"vc_carousel-slideline\"><div class=\"vc_carousel-slideline-inner\"><div class=\"vc_item\"><div class=\"vc_inner\"><img width=\"770\" height=\"457\" src=\"https:\/\/mad4pole.com\/wp-content\/uploads\/2019\/12\/Slide5-770x457.jpg\" class=\"attachment-medium\" alt=\"\" decoding=\"async\" loading=\"lazy\" title=\"Slide5\" srcset=\"https:\/\/mad4pole.com\/wp-content\/uploads\/2019\/12\/Slide5-770x457.jpg 770w, https:\/\/mad4pole.com\/wp-content\/uploads\/2019\/12\/Slide5-768x456.jpg 768w, https:\/\/mad4pole.com\/wp-content\/uploads\/2019\/12\/Slide5-1170x695.jpg 1170w, https:\/\/mad4pole.com\/wp-content\/uploads\/2019\/12\/Slide5.jpg 2048w\" sizes=\"(max-width: 770px) 100vw, 770px\" \/><\/div><\/div><div class=\"vc_item\"><div class=\"vc_inner\"><img width=\"770\" height=\"457\" src=\"https:\/\/mad4pole.com\/wp-content\/uploads\/2019\/12\/Slide4-770x457.jpg\" class=\"attachment-medium\" alt=\"\" decoding=\"async\" loading=\"lazy\" title=\"Slide4\" srcset=\"https:\/\/mad4pole.com\/wp-content\/uploads\/2019\/12\/Slide4-770x457.jpg 770w, https:\/\/mad4pole.com\/wp-content\/uploads\/2019\/12\/Slide4-768x456.jpg 768w, https:\/\/mad4pole.com\/wp-content\/uploads\/2019\/12\/Slide4-1170x695.jpg 1170w, https:\/\/mad4pole.com\/wp-content\/uploads\/2019\/12\/Slide4.jpg 2048w\" sizes=\"(max-width: 770px) 100vw, 770px\" \/><\/div><\/div><div class=\"vc_item\"><div class=\"vc_inner\"><img width=\"770\" height=\"457\" src=\"https:\/\/mad4pole.com\/wp-content\/uploads\/2019\/12\/Slide3-770x457.jpg\" class=\"attachment-medium\" alt=\"\" decoding=\"async\" loading=\"lazy\" title=\"Slide3\" srcset=\"https:\/\/mad4pole.com\/wp-content\/uploads\/2019\/12\/Slide3-770x457.jpg 770w, https:\/\/mad4pole.com\/wp-content\/uploads\/2019\/12\/Slide3-768x456.jpg 768w, https:\/\/mad4pole.com\/wp-content\/uploads\/2019\/12\/Slide3-1170x695.jpg 1170w, https:\/\/mad4pole.com\/wp-content\/uploads\/2019\/12\/Slide3.jpg 2048w\" sizes=\"(max-width: 770px) 100vw, 770px\" \/><\/div><\/div><div class=\"vc_item\"><div class=\"vc_inner\"><img width=\"770\" height=\"457\" src=\"https:\/\/mad4pole.com\/wp-content\/uploads\/2019\/12\/Slide2-770x457.jpg\" class=\"attachment-medium\" alt=\"\" decoding=\"async\" loading=\"lazy\" title=\"Slide2\" srcset=\"https:\/\/mad4pole.com\/wp-content\/uploads\/2019\/12\/Slide2-770x457.jpg 770w, https:\/\/mad4pole.com\/wp-content\/uploads\/2019\/12\/Slide2-768x456.jpg 768w, https:\/\/mad4pole.com\/wp-content\/uploads\/2019\/12\/Slide2-1170x695.jpg 1170w, https:\/\/mad4pole.com\/wp-content\/uploads\/2019\/12\/Slide2.jpg 2048w\" sizes=\"(max-width: 770px) 100vw, 770px\" \/><\/div><\/div><div class=\"vc_item\"><div class=\"vc_inner\"><img width=\"770\" height=\"457\" src=\"https:\/\/mad4pole.com\/wp-content\/uploads\/2019\/12\/Slide1-770x457.jpg\" class=\"attachment-medium\" alt=\"\" decoding=\"async\" loading=\"lazy\" title=\"Slide1\" srcset=\"https:\/\/mad4pole.com\/wp-content\/uploads\/2019\/12\/Slide1-770x457.jpg 770w, https:\/\/mad4pole.com\/wp-content\/uploads\/2019\/12\/Slide1-768x456.jpg 768w, https:\/\/mad4pole.com\/wp-content\/uploads\/2019\/12\/Slide1-1170x695.jpg 1170w, https:\/\/mad4pole.com\/wp-content\/uploads\/2019\/12\/Slide1.jpg 2048w\" sizes=\"(max-width: 770px) 100vw, 770px\" \/><\/div><\/div><div class=\"vc_item\"><div class=\"vc_inner\"><img width=\"770\" height=\"457\" src=\"https:\/\/mad4pole.com\/wp-content\/uploads\/2019\/12\/Slide6-770x457.jpg\" class=\"attachment-medium\" alt=\"\" decoding=\"async\" loading=\"lazy\" title=\"Slide6\" srcset=\"https:\/\/mad4pole.com\/wp-content\/uploads\/2019\/12\/Slide6-770x457.jpg 770w, https:\/\/mad4pole.com\/wp-content\/uploads\/2019\/12\/Slide6-768x456.jpg 768w, https:\/\/mad4pole.com\/wp-content\/uploads\/2019\/12\/Slide6-1170x695.jpg 1170w, https:\/\/mad4pole.com\/wp-content\/uploads\/2019\/12\/Slide6.jpg 2048w\" sizes=\"(max-width: 770px) 100vw, 770px\" \/><\/div><\/div><\/div><\/div><\/div><a class=\"vc_left vc_carousel-control\" href=\"#vc_images-carousel-1-1778676440\" data-slide=\"prev\"><span class=\"icon-prev\"><\/span><\/a><a class=\"vc_right vc_carousel-control\" href=\"#vc_images-carousel-1-1778676440\" data-slide=\"next\"><span class=\"icon-next\"><\/span><\/a><\/div><\/div><\/div><\/div><\/div><\/div><div class=\"wpb_column vc_column_container vc_col-sm-4\"><div class=\"vc_column-inner\"><div class=\"wpb_wrapper\">\n\t<div class=\"wpb_text_column wpb_content_element\" >\n\t\t<div class=\"wpb_wrapper\">\n\t\t\t<h3><strong>Pole titles and achievements<\/strong><\/h3>\n<p>&nbsp;<\/p>\n<ul>\n<li>Named one of the best FEFF Athlete of the season in 2012<\/li>\n<li>Ultimate Winner in the National Cup<\/li>\n<li>First place in Francisco del Yerro Championship<\/li>\n<li>First Place in J.J. Rodr\u00edguez Championship<\/li>\n<li>Fourth Place in Arnold Classic Europe<\/li>\n<li>First Place in Pole Theatre UK<\/li>\n<li>Second place in Pole Sport Spain Championship<\/li>\n<\/ul>\n\n\t\t<\/div>\n\t<\/div>\n<\/div><\/div><\/div><\/div><\/div><\/div><\/div>\n<\/section>","protected":false},"excerpt":{"rendered":"Lecter Shara Lecter nace en Madrid, de madre colombiana y padre espa\u00f1ol. Desde la infancia mostr\u00f3 inter\u00e9s en la danza y la est\u00e9tica, y comenz\u00f3 a estudiar ballet cl\u00e1sico. A\u00f1os despu\u00e9s se acerc\u00f3 al mundo del Fitness en el que comenz\u00f3 su apote\u00f3sica carrera en el bikini, donde se alz\u00f3 [...]","protected":false},"author":1,"featured_media":2454,"parent":0,"menu_order":0,"comment_status":"closed","ping_status":"closed","template":"page-wide.php","meta":[],"_links":{"self":[{"href":"https:\/\/mad4pole.com\/en\/wp-json\/wp\/v2\/pages\/2452"}],"collection":[{"href":"https:\/\/mad4pole.com\/en\/wp-json\/wp\/v2\/pages"}],"about":[{"href":"https:\/\/mad4pole.com\/en\/wp-json\/wp\/v2\/types\/page"}],"author":[{"embeddable":true,"href":"https:\/\/mad4pole.com\/en\/wp-json\/wp\/v2\/users\/1"}],"replies":[{"embeddable":true,"href":"https:\/\/mad4pole.com\/en\/wp-json\/wp\/v2\/comments?post=2452"}],"version-history":[{"count":14,"href":"https:\/\/mad4pole.com\/en\/wp-json\/wp\/v2\/pages\/2452\/revisions"}],"predecessor-version":[{"id":2569,"href":"https:\/\/mad4pole.com\/en\/wp-json\/wp\/v2\/pages\/2452\/revisions\/2569"}],"wp:featuredmedia":[{"embeddable":true,"href":"https:\/\/mad4pole.com\/en\/wp-json\/wp\/v2\/media\/2454"}],"wp:attachment":[{"href":"https:\/\/mad4pole.com\/en\/wp-json\/wp\/v2\/media?parent=2452"}],"curies":[{"name":"wp","href":"https:\/\/api.w.org\/{rel}","templated":true}]}}