{"id":2408,"date":"2019-12-06T15:21:21","date_gmt":"2019-12-06T13:21:21","guid":{"rendered":"https:\/\/mad4pole.com\/?page_id=2408"},"modified":"2020-03-07T23:22:52","modified_gmt":"2020-03-07T21:22:52","slug":"vane-lunatica","status":"publish","type":"page","link":"https:\/\/mad4pole.com\/en\/vane-lunatica\/","title":{"rendered":"Vane Lun\u00e1tica"},"content":{"rendered":"<section class=\"wpb-content-wrapper\"><div class=\"evenz-vc-row-container\" ><div class=\"vc_row evenz-stickycont wpb_row evenz-vc_row\"><div class=\"evenz-rowcontainer-vc\"><div class=\"evenz-rowcontent\"><div class=\"wpb_column vc_column_container vc_col-sm-6\"><div class=\"vc_column-inner\"><div class=\"wpb_wrapper\">\n\t<div class=\"wpb_text_column wpb_content_element\" >\n\t\t<div class=\"wpb_wrapper\">\n\t\t\t<h1>Vane Lun\u00e1tica<\/h1>\n<p><img decoding=\"async\" loading=\"lazy\" class=\"size-medium wp-image-1713 alignnone\" src=\"https:\/\/mad4pole.com\/wp\/wp-content\/uploads\/2019\/08\/L\u00ednea-01-770x31.png\" alt=\"\" width=\"770\" height=\"31\" srcset=\"https:\/\/mad4pole.com\/wp-content\/uploads\/2019\/08\/L\u00ednea-01-770x31.png 770w, https:\/\/mad4pole.com\/wp-content\/uploads\/2019\/08\/L\u00ednea-01-768x31.png 768w, https:\/\/mad4pole.com\/wp-content\/uploads\/2019\/08\/L\u00ednea-01.png 1042w\" sizes=\"(max-width: 770px) 100vw, 770px\" \/>Vane Lun\u00e1tica is an artist born in Tenerife, where she studied a degree in Media Communications, specializing in creativity and conceptualization, before turning her life upside down to pursue a career on stage.<\/p>\n<p>Her circus experience began by starting up one of the first Aerial Theatre Companies in The Canary Islands and collaborating with other companies in the creation and performance of aerial choreographies. Later on she participated on musicals on national tour and worked as an aerial and pole dance performer across the world.<\/p>\n<p>Her sport\/artistic background commenced with synchronized swimming, contemporary dance, acrobatic dance (aerial silks, lyra and vertical dance) and finally pole dance.<\/p>\n<p>Pole dancing granted her the opportunity of travelling the world sharing her art through performances, competitions and workshops.<\/p>\n<p>She has won renowned international contests as Pole Theatre UK 2016 and Felix Cane Pole Championships 2017, among others, and she became finalist in the IPC 2018.<\/p>\n\n\t\t<\/div>\n\t<\/div>\n<\/div><\/div><\/div><div class=\"wpb_column vc_column_container vc_col-sm-6\"><div class=\"vc_column-inner\"><div class=\"wpb_wrapper\">\n\t<div  class=\"wpb_single_image wpb_content_element vc_align_left\">\n\t\t\n\t\t<figure class=\"wpb_wrapper vc_figure\">\n\t\t\t<div class=\"vc_single_image-wrapper   vc_box_border_grey\"><img width=\"550\" height=\"770\" src=\"https:\/\/mad4pole.com\/wp-content\/uploads\/2019\/08\/foto-vane-perfil-550x770.jpg\" class=\"vc_single_image-img attachment-medium\" alt=\"\" decoding=\"async\" loading=\"lazy\" title=\"foto vane perfil\" srcset=\"https:\/\/mad4pole.com\/wp-content\/uploads\/2019\/08\/foto-vane-perfil-550x770.jpg 550w, https:\/\/mad4pole.com\/wp-content\/uploads\/2019\/08\/foto-vane-perfil.jpg 708w\" sizes=\"(max-width: 550px) 100vw, 550px\" \/><\/div>\n\t\t<\/figure>\n\t<\/div>\n<\/div><\/div><\/div><\/div><\/div><\/div><\/div><div class=\"evenz-vc-row-container\" ><div class=\"vc_row evenz-stickycont wpb_row evenz-vc_row\"><div class=\"evenz-rowcontainer-vc\"><div class=\"evenz-rowcontent\"><div class=\"wpb_column vc_column_container vc_col-sm-12\"><div class=\"vc_column-inner\"><div class=\"wpb_wrapper\">\t\t\t<hr class=\"evenz-spacer-xs\">\n\t\t\n\t<div class=\"wpb_text_column wpb_content_element\" >\n\t\t<div class=\"wpb_wrapper\">\n\t\t\t<p>Her performances are characterized by her unique style, sometimes surreal and experimental, and by her fluid, dynamic and contemporary moves, strongly influenced by a message or a character.<\/p>\n<p>Her idea of \u201cLun\u00e1tica\u201d (lunatic) is being able to reinvent herself once and again in a way that no single performance can define who she is, but the lot of them, the infinite versions of someone who doesn\u2019t get bored, always learning and rediscovering oneself, like the moon and its cycles.<\/p>\n\n\t\t<\/div>\n\t<\/div>\n\t\t\t<hr class=\"evenz-spacer-s\">\n\t\t<\/div><\/div><\/div><\/div><\/div><\/div><\/div><div class=\"evenz-vc-row-container\" ><div class=\"vc_row evenz-stickycont wpb_row evenz-vc_row\"><div class=\"evenz-rowcontainer-vc\"><div class=\"evenz-rowcontent\"><div class=\"wpb_column vc_column_container vc_col-sm-8\"><div class=\"vc_column-inner\"><div class=\"wpb_wrapper\">\n\t<div class=\"wpb_text_column wpb_content_element\" >\n\t\t<div class=\"wpb_wrapper\">\n\t\t\t<h3>What is your worst nightmare?<\/h3>\n<p>\u201cThe spinning pole stops during a split just when I'm showing my crotch to the public\u201d<\/p>\n\n\t\t<\/div>\n\t<\/div>\n\t\t\t<hr class=\"evenz-spacer-m\">\n\t\t<div class=\"wpb_images_carousel wpb_content_element vc_clearfix\"><div class=\"wpb_wrapper\"><div id=\"vc_images-carousel-1-1778676456\" data-ride=\"vc_carousel\" data-wrap=\"true\" style=\"width: 770px;\" data-interval=\"5000\" data-auto-height=\"yes\" data-mode=\"horizontal\" data-partial=\"false\" data-per-view=\"1\" data-hide-on-end=\"false\" class=\"vc_slide vc_images_carousel\"><ol class=\"vc_carousel-indicators\"><li data-target=\"#vc_images-carousel-1-1778676456\" data-slide-to=\"0\"><\/li><li data-target=\"#vc_images-carousel-1-1778676456\" data-slide-to=\"1\"><\/li><li data-target=\"#vc_images-carousel-1-1778676456\" data-slide-to=\"2\"><\/li><li data-target=\"#vc_images-carousel-1-1778676456\" data-slide-to=\"3\"><\/li><li data-target=\"#vc_images-carousel-1-1778676456\" data-slide-to=\"4\"><\/li><\/ol><div class=\"vc_carousel-inner\"><div class=\"vc_carousel-slideline\"><div class=\"vc_carousel-slideline-inner\"><div class=\"vc_item\"><div class=\"vc_inner\"><img width=\"770\" height=\"457\" src=\"https:\/\/mad4pole.com\/wp-content\/uploads\/2019\/08\/Slide1-770x457.jpg\" class=\"attachment-medium\" alt=\"\" decoding=\"async\" loading=\"lazy\" title=\"Slide1\" srcset=\"https:\/\/mad4pole.com\/wp-content\/uploads\/2019\/08\/Slide1-770x457.jpg 770w, https:\/\/mad4pole.com\/wp-content\/uploads\/2019\/08\/Slide1-768x456.jpg 768w, https:\/\/mad4pole.com\/wp-content\/uploads\/2019\/08\/Slide1-1170x695.jpg 1170w, https:\/\/mad4pole.com\/wp-content\/uploads\/2019\/08\/Slide1.jpg 2048w\" sizes=\"(max-width: 770px) 100vw, 770px\" \/><\/div><\/div><div class=\"vc_item\"><div class=\"vc_inner\"><img width=\"770\" height=\"457\" src=\"https:\/\/mad4pole.com\/wp-content\/uploads\/2019\/08\/Slide2-770x457.jpg\" class=\"attachment-medium\" alt=\"\" decoding=\"async\" loading=\"lazy\" title=\"Slide2\" srcset=\"https:\/\/mad4pole.com\/wp-content\/uploads\/2019\/08\/Slide2-770x457.jpg 770w, https:\/\/mad4pole.com\/wp-content\/uploads\/2019\/08\/Slide2-768x456.jpg 768w, https:\/\/mad4pole.com\/wp-content\/uploads\/2019\/08\/Slide2-1170x695.jpg 1170w, https:\/\/mad4pole.com\/wp-content\/uploads\/2019\/08\/Slide2.jpg 2048w\" sizes=\"(max-width: 770px) 100vw, 770px\" \/><\/div><\/div><div class=\"vc_item\"><div class=\"vc_inner\"><img width=\"770\" height=\"457\" src=\"https:\/\/mad4pole.com\/wp-content\/uploads\/2019\/08\/Slide3-770x457.jpg\" class=\"attachment-medium\" alt=\"\" decoding=\"async\" loading=\"lazy\" title=\"Slide3\" srcset=\"https:\/\/mad4pole.com\/wp-content\/uploads\/2019\/08\/Slide3-770x457.jpg 770w, https:\/\/mad4pole.com\/wp-content\/uploads\/2019\/08\/Slide3-768x456.jpg 768w, https:\/\/mad4pole.com\/wp-content\/uploads\/2019\/08\/Slide3-1170x695.jpg 1170w, https:\/\/mad4pole.com\/wp-content\/uploads\/2019\/08\/Slide3.jpg 2048w\" sizes=\"(max-width: 770px) 100vw, 770px\" \/><\/div><\/div><div class=\"vc_item\"><div class=\"vc_inner\"><img width=\"770\" height=\"457\" src=\"https:\/\/mad4pole.com\/wp-content\/uploads\/2019\/08\/Slide4-770x457.jpg\" class=\"attachment-medium\" alt=\"\" decoding=\"async\" loading=\"lazy\" title=\"Slide4\" srcset=\"https:\/\/mad4pole.com\/wp-content\/uploads\/2019\/08\/Slide4-770x457.jpg 770w, https:\/\/mad4pole.com\/wp-content\/uploads\/2019\/08\/Slide4-768x456.jpg 768w, https:\/\/mad4pole.com\/wp-content\/uploads\/2019\/08\/Slide4-1170x695.jpg 1170w, https:\/\/mad4pole.com\/wp-content\/uploads\/2019\/08\/Slide4.jpg 2048w\" sizes=\"(max-width: 770px) 100vw, 770px\" \/><\/div><\/div><div class=\"vc_item\"><div class=\"vc_inner\"><img width=\"770\" height=\"457\" src=\"https:\/\/mad4pole.com\/wp-content\/uploads\/2019\/08\/Slide5-770x457.jpg\" class=\"attachment-medium\" alt=\"\" decoding=\"async\" loading=\"lazy\" title=\"Slide5\" srcset=\"https:\/\/mad4pole.com\/wp-content\/uploads\/2019\/08\/Slide5-770x457.jpg 770w, https:\/\/mad4pole.com\/wp-content\/uploads\/2019\/08\/Slide5-768x456.jpg 768w, https:\/\/mad4pole.com\/wp-content\/uploads\/2019\/08\/Slide5-1170x695.jpg 1170w, https:\/\/mad4pole.com\/wp-content\/uploads\/2019\/08\/Slide5.jpg 2048w\" sizes=\"(max-width: 770px) 100vw, 770px\" \/><\/div><\/div><\/div><\/div><\/div><a class=\"vc_left vc_carousel-control\" href=\"#vc_images-carousel-1-1778676456\" data-slide=\"prev\"><span class=\"icon-prev\"><\/span><\/a><a class=\"vc_right vc_carousel-control\" href=\"#vc_images-carousel-1-1778676456\" data-slide=\"next\"><span class=\"icon-next\"><\/span><\/a><\/div><\/div><\/div><\/div><\/div><\/div><div class=\"wpb_column vc_column_container vc_col-sm-4\"><div class=\"vc_column-inner\"><div class=\"wpb_wrapper\">\n\t<div class=\"wpb_text_column wpb_content_element\" >\n\t\t<div class=\"wpb_wrapper\">\n\t\t\t<h3><strong>Pole titles and achievements<\/strong><\/h3>\n<ul>\n<li class=\"p1\"><span class=\"s1\">Finalist in IPC 2018<\/span><\/li>\n<li class=\"p1\"><span class=\"s1\">Winner in Felix Cane Pole Championship 2017<\/span><\/li>\n<li class=\"p1\"><span class=\"s1\">Overall Winner in Pole Theatre UK 2016<\/span><\/li>\n<li class=\"p1\"><span class=\"s1\">Winner in Comedy Pole Theatre Paris 2016 <\/span><\/li>\n<li class=\"p1\"><span class=\"s1\">Third Place in Pole Art Italy 2015<\/span><\/li>\n<li class=\"p1\"><span class=\"s1\">Winner at Pole Sport Espa\u00f1a 2013 <\/span><\/li>\n<li class=\"p1\"><span class=\"s1\">Winner in Pole Dance Cup International 2013<\/span><\/li>\n<li class=\"p1\"><span class=\"s1\">Winner in Open Elite Italian Pole Sports Championships 2014<\/span><\/li>\n<li class=\"p1\"><span class=\"s1\">Finalist in Pole Theatre UK 2015 y 2014<\/span><\/li>\n<li class=\"p1\"><span class=\"s1\">Finalist in Talent Madrid 2014<\/span><\/li>\n<\/ul>\n\n\t\t<\/div>\n\t<\/div>\n<\/div><\/div><\/div><\/div><\/div><\/div><\/div>\n<\/section>","protected":false},"excerpt":{"rendered":"Vane Lun\u00e1tica Vane Lun\u00e1tica es una artista natural de Tenerife, licenciada en Ciencias de la Comunicaci\u00f3n, especializada en creatividad y conceptualizaci\u00f3n, que posteriormente dio un giro a su carrera dedic\u00e1ndose al mundo del circo y el espect\u00e1culo. Su experiencia comienza en Espa\u00f1a, creando una de las primeras compa\u00f1\u00edas de teatro [...]","protected":false},"author":1,"featured_media":2436,"parent":0,"menu_order":0,"comment_status":"closed","ping_status":"closed","template":"page-wide.php","meta":[],"_links":{"self":[{"href":"https:\/\/mad4pole.com\/en\/wp-json\/wp\/v2\/pages\/2408"}],"collection":[{"href":"https:\/\/mad4pole.com\/en\/wp-json\/wp\/v2\/pages"}],"about":[{"href":"https:\/\/mad4pole.com\/en\/wp-json\/wp\/v2\/types\/page"}],"author":[{"embeddable":true,"href":"https:\/\/mad4pole.com\/en\/wp-json\/wp\/v2\/users\/1"}],"replies":[{"embeddable":true,"href":"https:\/\/mad4pole.com\/en\/wp-json\/wp\/v2\/comments?post=2408"}],"version-history":[{"count":30,"href":"https:\/\/mad4pole.com\/en\/wp-json\/wp\/v2\/pages\/2408\/revisions"}],"predecessor-version":[{"id":2568,"href":"https:\/\/mad4pole.com\/en\/wp-json\/wp\/v2\/pages\/2408\/revisions\/2568"}],"wp:featuredmedia":[{"embeddable":true,"href":"https:\/\/mad4pole.com\/en\/wp-json\/wp\/v2\/media\/2436"}],"wp:attachment":[{"href":"https:\/\/mad4pole.com\/en\/wp-json\/wp\/v2\/media?parent=2408"}],"curies":[{"name":"wp","href":"https:\/\/api.w.org\/{rel}","templated":true}]}}