{"id":2160,"date":"2019-11-05T12:44:47","date_gmt":"2019-11-05T10:44:47","guid":{"rendered":"https:\/\/mad4pole.com\/?page_id=2160"},"modified":"2020-05-15T18:33:03","modified_gmt":"2020-05-15T16:33:03","slug":"participar-en-el-horror-fest","status":"publish","type":"page","link":"https:\/\/mad4pole.com\/en\/participar-en-el-horror-fest\/","title":{"rendered":"How to participate in the HORROR FEST"},"content":{"rendered":"<h2 class=\"wp-block-heading\">Pre-Registration Period<\/h2>\n\n\n\n<p><b>Extended period till the 1st of August.<\/b>Once the countdown is finished we will communicate the procedure to formalise the registration to the championship. <\/p>\n\n\n\n<h2 class=\"wp-block-heading\">What do I have to do to pre-register?<\/h2>\n\n\n\n<p>Every being who dwells the shadows is welcome to take part in this experience, but to ensure the artist\u2019s freedom and avoid offending the na\u00efve, this competition will be limited to performers of legal age <u><b>(18 years old)<\/b><\/u>.<\/p>\n\n\n\n<div style=\"height:20px\" aria-hidden=\"true\" class=\"wp-block-spacer\"><\/div>\n\n\n\n<p class=\" translation-block\">To aim for a spot in the Horror Fest you just have to fill in our form* where you can tell us about you and your <b>EXPERIENCE<\/b> pole dancing and competing and share your terrifying <b>IDEA<\/b> with us.<\/p>\n\n\n\n<p style=\"font-size:17px\" class=\"has-text-align-right\"><b><span style=\"color: #bc1846;\">*You\u2019ll find the form at the end of this page, but first read carefully.<\/span><\/b><\/p>\n\n\n\n<h4 class=\"wp-block-heading\">Foregoing Considerations<\/h4>\n\n\n\n<ul><li>If you want to <strong> <u>participate in doubles or groups <\/u><\/strong> you JUST have to fill in ONE FORM with the details of one participant, chosen to represent the formation.<\/li><\/ul>\n\n\n\n<ul><li>If you want to <strong> <u> participate in more than one category <\/u><\/strong>  you\u2019ll have to fill in a form for each one  (completing every field again). It is possible to apply for up to 3 categories: the one corresponding to your level, plus groups and\/or battles.<\/li><\/ul>\n\n\n\n<p>Remember that these forms and the videos you link WON\u2019T be seen by the judges, but by our selection committee: the NORNAS. Be honest about your level because cheaters go straight to the bog of eternal stench.<\/p>\n\n\n\n<p>In case of any doubt contact us at <strong><a href=\"mailto:candidate@mad4pole.com\">candidate@mad4pole.com<\/a> <\/strong> and ask openly.  <\/p>\n\n\n\n<h2 class=\"wp-block-heading\"> What are the judging criteria? <\/h2>\n\n\n\n<p>Mad4pole HORROR FEST selects the most terrifying artists and performances that, following the principles of each taxonomy, help to configure an event as creepy and heterogeneous as possible. <\/p>\n\n\n\n<p>The final selection will be borne by our <b>NORNAS, a committee composed of three pole and dance professionals,<\/b>who will be trained to choose the most original, sinister and disturbing pieces. They will also be in charge of checking the level of our candidates. Their decision will be informed in less than a week time.<\/p>\n\n\n\n<p>Elite category goes straight to the championship. If you has submitted your registration under this category, you will receive an email, a few days later, with a poster showing your participation. <\/p>\n\n\n\n<p><span style=\"color: #bc1846;\"><b>OUR JUDGES DON\u2019T TAKE PART IN THE SELECTION<\/b> <\/span> and neither will they have access to the videos. We want your performance to have all the elements to shake the foundations of our tribunal. This means that you can show us as much as you want in your application videos, without revealing the surprise. In fact, we encourage you to show and boast your pole dance skills in the application video, to better your chances of being selected.<\/p>\n\n\n\n<h2 class=\"wp-block-heading\"> When will I know if I\u2019ve been chosen? <\/h2>\n\n\n\n<p>\n\nThe organisation will contact all the candidates, within the set and previously announced deadlines, to communicate the positive or negative result of the selection and personally thank you for your participation.\n\n<\/p>\n\n\n\n<h2 class=\"wp-block-heading\"> Will it cost me anything to pre-register? <\/h2>\n\n\n\n<p>\n\nNo, the initial application is completely free. Only the ones chosen to participate in the event will have to formally register and pay the corresponding fee.\n\n<\/p>\n\n\n\n<div style=\"height:50px\" aria-hidden=\"true\" class=\"wp-block-spacer\"><\/div>\n\n\n\n<p style=\"font-size:33px\" class=\"has-background has-text-align-center has-very-dark-gray-background-color\">PRE-REGISTRATION FORM<\/p>\n\n\n\n<div class=\"wpcf7 no-js\" id=\"wpcf7-f2159-o1\" lang=\"en-US\" dir=\"ltr\">\n<div class=\"screen-reader-response\"><p role=\"status\" aria-live=\"polite\" aria-atomic=\"true\"><\/p> <ul><\/ul><\/div>\n<form action=\"\/en\/wp-json\/wp\/v2\/pages\/2160#wpcf7-f2159-o1\" method=\"post\" class=\"wpcf7-form init\" aria-label=\"Contact form\" novalidate=\"novalidate\" data-status=\"init\" data-trp-original-action=\"\/en\/wp-json\/wp\/v2\/pages\/2160#wpcf7-f2159-o1\">\n<div style=\"display: none;\">\n<input type=\"hidden\" name=\"_wpcf7\" value=\"2159\" \/>\n<input type=\"hidden\" name=\"_wpcf7_version\" value=\"5.7.5.1\" \/>\n<input type=\"hidden\" name=\"_wpcf7_locale\" value=\"en_US\" \/>\n<input type=\"hidden\" name=\"_wpcf7_unit_tag\" value=\"wpcf7-f2159-o1\" \/>\n<input type=\"hidden\" name=\"_wpcf7_container_post\" value=\"0\" \/>\n<input type=\"hidden\" name=\"_wpcf7_posted_data_hash\" value=\"\" \/>\n<input type=\"hidden\" name=\"_wpcf7_recaptcha_response\" value=\"\" \/>\n<\/div>\n<div id=\"inscribir\">\n\t<div class=\"evenz-row\">\n\t\t<div class=\"evenz-col evenz-m12\">\n\t\t\t<p><label>FULL NAME<\/label><br \/>\n<span class=\"wpcf7-form-control-wrap\" data-name=\"your-name\"><input size=\"40\" class=\"wpcf7-form-control wpcf7-text wpcf7-validates-as-required\" aria-required=\"true\" aria-invalid=\"false\" placeholder=\"Real name and surname (your artistic name will be required in the second phase)\" value=\"\" type=\"text\" name=\"your-name\" \/><\/span>\n\t\t\t<\/p>\n\t\t<\/div>\n\t<\/div>\n\t<div class=\"evenz-row\" style=\"padding-bottom: 16px;\">\n\t\t<div class=\"evenz-col evenz-m12\">\n\t\t\t<p><label>DATE OF BIRTH<\/label><br \/>\n<span class=\"wpcf7-form-control-wrap\" data-name=\"your-dob\"><input class=\"wpcf7-form-control wpcf7-date wpcf7-validates-as-required wpcf7-validates-as-date\" max=\"2002-10-31\" aria-required=\"true\" aria-invalid=\"false\" value=\"\" type=\"date\" name=\"your-dob\" \/><\/span><span style=\"font-family: montserrat; font-size: 12px;\">*you must be 18 by the day of the event.<\/span>\n\t\t\t<\/p>\n\t\t<\/div>\n\t<\/div>\n\t<div class=\"evenz-row\">\n\t\t<div class=\"evenz-col evenz-m12\">\n\t\t\t<p><label>E-MAIL ADDRESS<\/label><br \/>\n<span class=\"wpcf7-form-control-wrap\" data-name=\"your-email\"><input size=\"40\" class=\"wpcf7-form-control wpcf7-text wpcf7-email wpcf7-validates-as-required wpcf7-validates-as-email\" aria-required=\"true\" aria-invalid=\"false\" placeholder=\"We\u2019ll communicate the NORNAS\u2019 decision to this email\" value=\"\" type=\"email\" name=\"your-email\" \/><\/span>\n\t\t\t<\/p>\n\t\t<\/div>\n\t<\/div>\n\t<div class=\"evenz-row\">\n\t\t<div class=\"evenz-col evenz-m12\">\n\t\t\t<p><label>PHONE NUMBER<\/label><br \/>\n<span class=\"wpcf7-form-control-wrap\" data-name=\"your-tel\"><input size=\"40\" class=\"wpcf7-form-control wpcf7-text wpcf7-tel wpcf7-validates-as-required wpcf7-validates-as-tel\" aria-required=\"true\" aria-invalid=\"false\" placeholder=\"A mobile phone\" value=\"\" type=\"tel\" name=\"your-tel\" \/><\/span>\n\t\t\t<\/p>\n\t\t<\/div>\n\t<\/div>\n\t<div class=\"evenz-row\">\n\t\t<div class=\"evenz-col evenz-m12\">\n\t\t\t<p><label>SOCIAL NETWORKS (OPTIONAL)<\/label><br \/>\n<span class=\"wpcf7-form-control-wrap\" data-name=\"your-social\"><textarea cols=\"30\" rows=\"4\" class=\"wpcf7-form-control wpcf7-textarea\" aria-invalid=\"false\" placeholder=\"We would love to know a little bit more about yourself and, if you get to the next phase, be able to tag you in our social networks\" name=\"your-social\"><\/textarea><\/span>\n\t\t\t<\/p>\n\t\t<\/div>\n\t<\/div>\n\t<div class=\"evenz-row\">\n\t\t<div class=\"evenz-col evenz-m12\">\n\t\t\t<p><label>STUDIO(S) WHERE YOU TEACH OR PRACTICE POLE DANCE (OPTIONAL)<\/label><br \/>\n<span class=\"wpcf7-form-control-wrap\" data-name=\"your-escuela\"><input size=\"40\" class=\"wpcf7-form-control wpcf7-text\" aria-invalid=\"false\" placeholder=\"Where is your lair? We want creatures from eeevery corner of the world.\" value=\"\" type=\"text\" name=\"your-escuela\" \/><\/span>\n\t\t\t<\/p>\n\t\t<\/div>\n\t<\/div>\n\t<div class=\"evenz-row\" style=\"padding-bottom: 16px;\">\n\t\t<div class=\"evenz-col evenz-m12\" style=\"border-top: solid;\">\n\t\t<\/div>\n\t<\/div>\n\t<div class=\"evenz-row\" style=\"padding-bottom: 16px;\">\n\t\t<div class=\"evenz-col evenz-m12\">\n\t\t\t<p><label>CATEGORY<\/label><br \/>\n<span class=\"wpcf7-form-control-wrap\" data-name=\"your-cat\"><select class=\"wpcf7-form-control wpcf7-select wpcf7-validates-as-required\" aria-required=\"true\" aria-invalid=\"false\" name=\"your-cat\"><option value=\"\">&#8212;Please choose an option&#8212;<\/option><option value=\"Zombie Parade - Amateur\">Zombie Parade - Amateur<\/option><option value=\"Vampire Feast - Semipro\">Vampire Feast - Semipro<\/option><option value=\"Monster Mash - Pro\">Monster Mash - Pro<\/option><option value=\"Demogorgon Chaos - \u00c9lite\">Demogorgon Chaos - \u00c9lite<\/option><option value=\"Witching Hour - Master 40\">Witching Hour - Master 40<\/option><option value=\"Voodoo Power - Dobles y Grupos\">Voodoo Power - Dobles y Grupos<\/option><option value=\"Trick or Treat - Batallas\">Trick or Treat - Batallas<\/option><\/select><\/span>\n\t\t\t<\/p>\n\t\t<\/div>\n\t<\/div>\n\t<div class=\"evenz-row\">\n\t\t<div class=\"evenz-col evenz-m12\">\n\t\t\t<p><label>LINK(S)<\/label><br \/>\n<span class=\"wpcf7-form-control-wrap\" data-name=\"your-links\"><textarea cols=\"40\" rows=\"10\" class=\"wpcf7-form-control wpcf7-textarea wpcf7-validates-as-required\" aria-required=\"true\" aria-invalid=\"false\" placeholder=\"pega aqu\u00ed uno o varios enlaces a tu video\/s de youtube (en formato privado si lo prefieres) donde nos muestres tu habilidad en la barra \u2013 en fija y giratoria si dominas ambas -  Si tienes algo de la coreo ya desarrollado ens\u00e9\u00f1anoslo\" name=\"your-links\"><\/textarea><\/span>\n\t\t\t<\/p>\n\t\t<\/div>\n\t<\/div>\n\t<div class=\"evenz-row\">\n\t\t<div class=\"evenz-col evenz-m12\">\n\t\t\t<p><label>HAVE YOU EVER COMPETED BEFORE?<\/label><br \/>\n<span class=\"wpcf7-form-control-wrap\" data-name=\"your-exp\"><textarea cols=\"40\" rows=\"10\" class=\"wpcf7-form-control wpcf7-textarea wpcf7-validates-as-required\" aria-required=\"true\" aria-invalid=\"false\" placeholder=\"Tell us about your experience and record.\" name=\"your-exp\"><\/textarea><\/span>\n\t\t\t<\/p>\n\t\t<\/div>\n\t<\/div>\n\t<div class=\"evenz-row\">\n\t\t<div class=\"evenz-col evenz-m12\">\n\t\t\t<p><label>WHAT IS YOUR TERRIFYING IDEA?<\/label><br \/>\n<span class=\"wpcf7-form-control-wrap\" data-name=\"your-idea\"><textarea cols=\"40\" rows=\"10\" class=\"wpcf7-form-control wpcf7-textarea wpcf7-validates-as-required\" aria-required=\"true\" aria-invalid=\"false\" placeholder=\"Describe in detail the performance your mind is creating. The more you tell us the better we\u2019ll assess your candidacy.\" name=\"your-idea\"><\/textarea><\/span>\n\t\t\t<\/p>\n\t\t<\/div>\n\t<\/div>\n\t<div class=\"evenz-row\">\n\t\t<div class=\"evenz-col evenz-m12\">\n\t\t\t<p><label>WHAT MUSIC HAVE YOU CHOSEN?<\/label><br \/>\n<span class=\"wpcf7-form-control-wrap\" data-name=\"your-music\"><textarea cols=\"40\" rows=\"10\" class=\"wpcf7-form-control wpcf7-textarea wpcf7-validates-as-required\" aria-required=\"true\" aria-invalid=\"false\" placeholder=\"We encourage you to tell us now about the music you&#039;ve come up with. You still have time to avoid repetition and the subsequent lack of originality.\" name=\"your-music\"><\/textarea><\/span>\n\t\t\t<\/p>\n\t\t<\/div>\n\t<\/div>\n\t<div class=\"evenz-row\">\n\t\t<div class=\"evenz-col evenz-m12\">\n\t\t\t<p><label>WHY DO YOU WANT TO PARTICIPATE IN THE HORROR FEST?<\/label><br \/>\n<span class=\"wpcf7-form-control-wrap\" data-name=\"your-why\"><textarea cols=\"40\" rows=\"10\" class=\"wpcf7-form-control wpcf7-textarea wpcf7-validates-as-required\" aria-required=\"true\" aria-invalid=\"false\" placeholder=\"We\u2019d love to know what brought you here, who put in a good word for us or how you heard about this competition, and why you crave this outing to the underworld.\" name=\"your-why\"><\/textarea><\/span>\n\t\t\t<\/p>\n\t\t<\/div>\n\t<\/div>\n\t<div class=\"evenz-row\">\n\t\t<div class=\"evenz-col evenz-m12\">\n\t\t\t<p><label>&nbsp;<\/label><br \/>\n<span class=\"wpcf7-form-control-wrap\" data-name=\"your-consent\"><span class=\"wpcf7-form-control wpcf7-acceptance\"><span class=\"wpcf7-list-item\"><label><input type=\"checkbox\" name=\"your-consent\" value=\"1\" aria-invalid=\"false\" \/><span class=\"wpcf7-list-item-label\">I've read and accept the<\/span><\/label><\/span><\/span><\/span>&nbsp<a href=\"https:\/\/mad4pole.com\/en\/wp\/Legal\/Pol\u00edtica_de_Privacidad_M4P.pdf\/\">PRIVACY POLICY.<\/a><br \/>\n\t\t\t<\/p>\n\t\t<\/div>\n\t<\/div>\n\t<div class=\"evenz-row\">\n\t\t<div class=\"evenz-col evenz-m12 vc_btn3-container vc_btn3-center\">\n\t\t\t<p><label>&nbsp;<\/label><br \/>\n<input class=\"wpcf7-form-control has-spinner wpcf7-submit\" type=\"submit\" value=\"Inscribir\" \/>\n\t\t\t<\/p>\n\t\t<\/div>\n\t<\/div>\n<\/div><div class=\"wpcf7-response-output\" aria-hidden=\"true\"><\/div>\n<input type=\"hidden\" name=\"trp-form-language\" value=\"en\"\/><\/form>\n<\/div>\n\n\n\n\n<div style=\"height:20px\" aria-hidden=\"true\" class=\"wp-block-spacer\"><\/div>\n\n\n\n<div style=\"height:20px\" aria-hidden=\"true\" class=\"wp-block-spacer\"><\/div>\n\n\n\n<div style=\"height:20px\" aria-hidden=\"true\" class=\"wp-block-spacer\"><\/div>\n\n\n\n<div style=\"height:20px\" aria-hidden=\"true\" class=\"wp-block-spacer\"><\/div>","protected":false},"excerpt":{"rendered":"<p>Plazo de Pre-Inscripci\u00f3n Plazo extendido hasta el 1 de Agosto. Al finalizar este plazo se comunicar\u00e1 el procedimiento para formalizar la inscripci\u00f3n al campeonato. \u00bfQu\u00e9 tengo que hacer para pre-inscribirme? Todos los seres que habitan las sombras ser\u00e1n bienvenidos a participar de la experiencia, pero en aras de facilitar la ...<\/p>","protected":false},"author":1,"featured_media":1480,"parent":0,"menu_order":0,"comment_status":"closed","ping_status":"closed","template":"","meta":[],"_links":{"self":[{"href":"https:\/\/mad4pole.com\/en\/wp-json\/wp\/v2\/pages\/2160"}],"collection":[{"href":"https:\/\/mad4pole.com\/en\/wp-json\/wp\/v2\/pages"}],"about":[{"href":"https:\/\/mad4pole.com\/en\/wp-json\/wp\/v2\/types\/page"}],"author":[{"embeddable":true,"href":"https:\/\/mad4pole.com\/en\/wp-json\/wp\/v2\/users\/1"}],"replies":[{"embeddable":true,"href":"https:\/\/mad4pole.com\/en\/wp-json\/wp\/v2\/comments?post=2160"}],"version-history":[{"count":30,"href":"https:\/\/mad4pole.com\/en\/wp-json\/wp\/v2\/pages\/2160\/revisions"}],"predecessor-version":[{"id":2590,"href":"https:\/\/mad4pole.com\/en\/wp-json\/wp\/v2\/pages\/2160\/revisions\/2590"}],"wp:featuredmedia":[{"embeddable":true,"href":"https:\/\/mad4pole.com\/en\/wp-json\/wp\/v2\/media\/1480"}],"wp:attachment":[{"href":"https:\/\/mad4pole.com\/en\/wp-json\/wp\/v2\/media?parent=2160"}],"curies":[{"name":"wp","href":"https:\/\/api.w.org\/{rel}","templated":true}]}}