{"id":1819,"date":"2019-10-27T12:53:23","date_gmt":"2019-10-27T10:53:23","guid":{"rendered":"https:\/\/mad4pole.com\/wp\/?page_id=1819"},"modified":"2020-03-07T22:45:21","modified_gmt":"2020-03-07T20:45:21","slug":"aquelarre-de-jueces","status":"publish","type":"page","link":"https:\/\/mad4pole.com\/en\/aquelarre-de-jueces\/","title":{"rendered":"Coven of Judges"},"content":{"rendered":"<section class=\"wpb-content-wrapper\"><div class=\"evenz-vc-row-container\" ><div class=\"vc_row evenz-stickycont wpb_row evenz-vc_row\"><div class=\"evenz-rowcontainer-vc\"><div class=\"evenz-rowcontent\"><div class=\"wpb_column vc_column_container vc_col-sm-12\"><div class=\"vc_column-inner\"><div class=\"wpb_wrapper\">\n\t<div class=\"wpb_text_column wpb_content_element\" >\n\t\t<div class=\"wpb_wrapper\">\n\t\t\t<p style=\"text-align: center;\">In the first edition of the HORROR FEST we have the honour of counting on an <strong>international Coven.<\/strong>.<br \/>\nCuatro jueces experimentados, todos ellos artistas y performers, instructores de Pole Dance y amantes del Horror.<\/p>\n\n\t\t<\/div>\n\t<\/div>\n\t\t\t<hr class=\"evenz-spacer-m\">\n\t\t<\/div><\/div><\/div><\/div><\/div><\/div><\/div><div class=\"evenz-vc-row-container\" ><div class=\"vc_row evenz-stickycont wpb_row evenz-vc_row\"><div class=\"evenz-rowcontainer-vc\"><div class=\"evenz-rowcontent\"><div class=\"wpb_column vc_column_container vc_col-sm-3\"><div class=\"vc_column-inner\"><div class=\"wpb_wrapper\">\n\t<div class=\"wpb_text_column wpb_content_element\" >\n\t\t<div class=\"wpb_wrapper\">\n\t\t\t<h2 style=\"text-align: center;\">LUN\u00c1TICA<\/h2>\n\n\t\t<\/div>\n\t<\/div>\n\t\t\t<hr class=\"evenz-spacer-s\">\n\t\t<div class=\"vc-hoverbox-wrapper  wpb_animate_when_almost_visible wpb_fadeIn fadeIn vc-hoverbox-shape--rounded vc-hoverbox-align--center vc-hoverbox-direction--default vc-hoverbox-width--80\"  ontouchstart=\"\">\n  <div class=\"vc-hoverbox\">\n    <div class=\"vc-hoverbox-inner\">\n      <div class=\"vc-hoverbox-block vc-hoverbox-front\" style=\"background-image: url(https:\/\/mad4pole.com\/wp-content\/uploads\/2019\/08\/foto-vane-perfil.jpg);\">\n        <div class=\"vc-hoverbox-block-inner vc-hoverbox-front-inner\">\n            \n        <\/div>\n      <\/div>\n      <div class=\"vc-hoverbox-block vc-hoverbox-back\" style=\"background-color: #2a2a2a;\">\n        <div class=\"vc-hoverbox-block-inner vc-hoverbox-back-inner\">\n            \n            <p style=\"text-align: center;\">International artist<br \/>\nChoreographer<br \/>\nInstructor<br \/>\nPerformer<\/p>\n\n            <div class=\"vc_btn3-container vc_btn3-center\" ><a style=\"background-color:#bc1846; color:#ffffff;\" class=\"vc_general vc_btn3 vc_btn3-size-md vc_btn3-shape-rounded vc_btn3-style-custom\" href=\"https:\/\/mad4pole.com\/en\/vane-lunatica\/\" title=\"Lun\u00e1tica\">READ MORE<\/a><\/div>\n        <\/div>\n      <\/div>\n    <\/div>\n  <\/div>\n<\/div><\/div><\/div><\/div><div class=\"wpb_column vc_column_container vc_col-sm-3\"><div class=\"vc_column-inner\"><div class=\"wpb_wrapper\">\n\t<div class=\"wpb_text_column wpb_content_element\" >\n\t\t<div class=\"wpb_wrapper\">\n\t\t\t<h2 style=\"text-align: center;\">NEMESYS<\/h2>\n\n\t\t<\/div>\n\t<\/div>\n\t\t\t<hr class=\"evenz-spacer-s\">\n\t\t<div class=\"vc-hoverbox-wrapper  wpb_animate_when_almost_visible wpb_fadeIn fadeIn vc-hoverbox-shape--rounded vc-hoverbox-align--center vc-hoverbox-direction--default vc-hoverbox-width--80\"  ontouchstart=\"\">\n  <div class=\"vc-hoverbox\">\n    <div class=\"vc-hoverbox-inner\">\n      <div class=\"vc-hoverbox-block vc-hoverbox-front\" style=\"background-image: url(https:\/\/mad4pole.com\/wp-content\/uploads\/2019\/08\/foto-Isa-perfil.jpg);\">\n        <div class=\"vc-hoverbox-block-inner vc-hoverbox-front-inner\">\n            \n        <\/div>\n      <\/div>\n      <div class=\"vc-hoverbox-block vc-hoverbox-back\" style=\"background-color: #2a2a2a;\">\n        <div class=\"vc-hoverbox-block-inner vc-hoverbox-back-inner\">\n            \n            <p style=\"text-align: center;\">International Judge<br \/>\nInstructor<br \/>\nPerformer<br \/>\nHorror Poler<\/p>\n\n            <div class=\"vc_btn3-container vc_btn3-center\" ><a style=\"background-color:#bc1846; color:#ffffff;\" class=\"vc_general vc_btn3 vc_btn3-size-md vc_btn3-shape-rounded vc_btn3-style-custom\" href=\"https:\/\/mad4pole.com\/en\/isa-nemesys\/\" title=\"Isa Nemesys\">READ MORE<\/a><\/div>\n        <\/div>\n      <\/div>\n    <\/div>\n  <\/div>\n<\/div><\/div><\/div><\/div><div class=\"wpb_column vc_column_container vc_col-sm-3\"><div class=\"vc_column-inner\"><div class=\"wpb_wrapper\">\n\t<div class=\"wpb_text_column wpb_content_element\" >\n\t\t<div class=\"wpb_wrapper\">\n\t\t\t<h2 style=\"text-align: center;\">LECTER<\/h2>\n\n\t\t<\/div>\n\t<\/div>\n\t\t\t<hr class=\"evenz-spacer-s\">\n\t\t<div class=\"vc-hoverbox-wrapper  wpb_animate_when_almost_visible wpb_fadeIn fadeIn vc-hoverbox-shape--rounded vc-hoverbox-align--center vc-hoverbox-direction--default vc-hoverbox-width--80\"  ontouchstart=\"\">\n  <div class=\"vc-hoverbox\">\n    <div class=\"vc-hoverbox-inner\">\n      <div class=\"vc-hoverbox-block vc-hoverbox-front\" style=\"background-image: url(https:\/\/mad4pole.com\/wp-content\/uploads\/2019\/08\/foto-shara-perfil.jpg);\">\n        <div class=\"vc-hoverbox-block-inner vc-hoverbox-front-inner\">\n            \n        <\/div>\n      <\/div>\n      <div class=\"vc-hoverbox-block vc-hoverbox-back\" style=\"background-color: #2a2a2a;\">\n        <div class=\"vc-hoverbox-block-inner vc-hoverbox-back-inner\">\n            \n            <p style=\"text-align: center;\">Artist<br \/>\nInstructor<br \/>\nShow Girl<br \/>\nActress and Model<\/p>\n\n            <div class=\"vc_btn3-container vc_btn3-center\" ><a style=\"background-color:#bc1846; color:#ffffff;\" class=\"vc_general vc_btn3 vc_btn3-size-md vc_btn3-shape-rounded vc_btn3-style-custom\" href=\"https:\/\/mad4pole.com\/en\/shara-lecter\/\" title=\"Shara Lecter\">READ MORE<\/a><\/div>\n        <\/div>\n      <\/div>\n    <\/div>\n  <\/div>\n<\/div><\/div><\/div><\/div><div class=\"wpb_column vc_column_container vc_col-sm-3\"><div class=\"vc_column-inner\"><div class=\"wpb_wrapper\">\n\t<div class=\"wpb_text_column wpb_content_element\" >\n\t\t<div class=\"wpb_wrapper\">\n\t\t\t<h2 style=\"text-align: center;\">CASANOVA<\/h2>\n\n\t\t<\/div>\n\t<\/div>\n\t\t\t<hr class=\"evenz-spacer-s\">\n\t\t<div class=\"vc-hoverbox-wrapper  wpb_animate_when_almost_visible wpb_fadeIn fadeIn vc-hoverbox-shape--rounded vc-hoverbox-align--center vc-hoverbox-direction--default vc-hoverbox-width--80\"  ontouchstart=\"\">\n  <div class=\"vc-hoverbox\">\n    <div class=\"vc-hoverbox-inner\">\n      <div class=\"vc-hoverbox-block vc-hoverbox-front\" style=\"background-image: url(https:\/\/mad4pole.com\/wp-content\/uploads\/2019\/08\/foto-nico-perfil.jpg);\">\n        <div class=\"vc-hoverbox-block-inner vc-hoverbox-front-inner\">\n            \n        <\/div>\n      <\/div>\n      <div class=\"vc-hoverbox-block vc-hoverbox-back\" style=\"background-color: #2a2a2a;\">\n        <div class=\"vc-hoverbox-block-inner vc-hoverbox-back-inner\">\n            \n            <p style=\"text-align: center;\">Artist<br \/>\nInstructor<br \/>\nDancer<br \/>\nChoreographer<\/p>\n\n            <div class=\"vc_btn3-container vc_btn3-center\" ><a style=\"background-color:#bc1846; color:#ffffff;\" class=\"vc_general vc_btn3 vc_btn3-size-md vc_btn3-shape-rounded vc_btn3-style-custom\" href=\"https:\/\/mad4pole.com\/en\/nicolas-casanova\/\" title=\"Nicolas Casanova\">READ MORE<\/a><\/div>\n        <\/div>\n      <\/div>\n    <\/div>\n  <\/div>\n<\/div><\/div><\/div><\/div><\/div><\/div><\/div><\/div>\n<\/section>","protected":false},"excerpt":{"rendered":"En nuestra primera edici\u00f3n del HORROR FEST, tenemos el honor de contar con un Aquelarre internacional. Cuatro jueces experimentados, todos ellos artistas y performers, instructores de Pole Dance y amantes del Horror. LUN\u00c1TICA Artista internacional Core\u00f3grafa Instructora Performer LEER M\u00c1S NEMESYS Jueza internacional Instructora Performer Horror Poler LEER M\u00c1S LECTER [...]","protected":false},"author":1,"featured_media":1717,"parent":0,"menu_order":0,"comment_status":"closed","ping_status":"closed","template":"page-wide.php","meta":[],"_links":{"self":[{"href":"https:\/\/mad4pole.com\/en\/wp-json\/wp\/v2\/pages\/1819"}],"collection":[{"href":"https:\/\/mad4pole.com\/en\/wp-json\/wp\/v2\/pages"}],"about":[{"href":"https:\/\/mad4pole.com\/en\/wp-json\/wp\/v2\/types\/page"}],"author":[{"embeddable":true,"href":"https:\/\/mad4pole.com\/en\/wp-json\/wp\/v2\/users\/1"}],"replies":[{"embeddable":true,"href":"https:\/\/mad4pole.com\/en\/wp-json\/wp\/v2\/comments?post=1819"}],"version-history":[{"count":29,"href":"https:\/\/mad4pole.com\/en\/wp-json\/wp\/v2\/pages\/1819\/revisions"}],"predecessor-version":[{"id":2566,"href":"https:\/\/mad4pole.com\/en\/wp-json\/wp\/v2\/pages\/1819\/revisions\/2566"}],"wp:featuredmedia":[{"embeddable":true,"href":"https:\/\/mad4pole.com\/en\/wp-json\/wp\/v2\/media\/1717"}],"wp:attachment":[{"href":"https:\/\/mad4pole.com\/en\/wp-json\/wp\/v2\/media?parent=1819"}],"curies":[{"name":"wp","href":"https:\/\/api.w.org\/{rel}","templated":true}]}}