{"id":1728,"date":"2019-10-27T00:02:28","date_gmt":"2019-10-26T22:02:28","guid":{"rendered":"https:\/\/mad4pole.com\/wp\/?page_id=1728"},"modified":"2020-04-04T16:20:09","modified_gmt":"2020-04-04T14:20:09","slug":"necronomipole","status":"publish","type":"page","link":"https:\/\/mad4pole.com\/en\/necronomipole\/","title":{"rendered":"NECRONOMIPOLE"},"content":{"rendered":"<!-- Darren's Button -->\n<div class=\"vc_btn3-container vc_btn3-center\"><button class=\"vc_general vc_btn3 vc_btn3-size-lg vc_btn3-shape-rounded vc_btn3-style-custom\" style=\"background-color: #bc1846; color: #ffffff;\" onclick=\"window.location.href = 'https:\/\/mad4pole.com\/download\/2576\/';\">Download the NECRONOMIPOLE in .pdf<\/button><\/div>\n<!-- \/Darren's Button -->\n\n\n\n<p style=\"font-size:28px\" class=\"has-text-align-center\">Between its lines you will find the wisdom you need to survive this event<\/p>\n\n\n\n<p style=\"font-size:34px\" class=\"has-text-align-center has-background has-very-dark-gray-background-color\"><b>TECHNICAL CONSIDERATIONS<\/b><\/p>\n\n\n\n<p class=\" translation-block\"><u>Music Length<\/u>: There is <span style=\"color: #bc1846\"><b>NO MINIMUM<\/b><\/span> of time, if you manage to transmit all these aspects in one minute\u2026 go for it! But in Hell we don\u2019t like dragging on forever (wink wink) so the performance <span style=\"color: #bc1846\"><b>cannot be longer than 4 MINUTES<\/b><\/span>.<\/p>\n\n\n\n<p><u><b>Use of stage<\/b><\/u>: any pandemonium has its own structure and, despite of our efforts to make you feel at home, there are some rules of the game that you should comply with if you don\u2019t want to be kicked out of hell.<\/p>\n\n\n\n<ul><li>Use of fire and flammable substances is not allowed. Other liquids, smoke and particles use is limited to the stage perimeter and must be consulted with the organization to determine if it is possible in terms of time and cleaning. <\/li><li>You are not allowed to staple, sew or glue anything to the walls or the curtain. To hang something from the truss you must consult the organization. <\/li><li>Any physical contact with the jury and the audience is limited by the principles of dignity and physical integrity. <\/li><\/ul>\n\n\n\n<p>We would like you to create and express freely, but please check with us any transgression you think it could come into conflict with these rules. Otherwise we\u2019ll have to take Cerberus for a walk\u2026<\/p>\n\n\n\n<h2 class=\"has-text-align-center wp-block-heading\"><strong>What aspects are we judging?<\/strong><\/h2>\n\n\n\n<p>Our <span style=\"color: #bc1846;\"><b>Coven of Judges <\/b><\/span>may grant you a maximum score of <b><u>100 points<\/u><\/b>. They will assess the pole execution but mostly the artistic elements and the impact generated in the audience.<\/p>\n\n\n\n<p style=\"font-size:25px\" class=\"has-text-align-center\"><u>These are the aspects brought on trial<\/u><\/p>\n\n\n\n<p class=\"has-text-align-center\">\n\n(los criterios var\u00edan para el caso de las BATALLAS. Haz scroll y encontrar\u00e1s toda la info)\n\n<\/p>\n\n\n\n<div style=\"height:30px\" aria-hidden=\"true\" class=\"wp-block-spacer\"><\/div>\n\n\n\n<p style=\"font-size:32px\" class=\"has-background has-text-align-center has-very-dark-gray-background-color\">CRITERIOS para las categor\u00eda individuales, dobles y grupos<\/p>\n\n\n\n<h3 class=\"wp-block-heading\"><strong>Dramatic Staging (15 points)<\/strong><\/h3>\n\n\n\n<ul><li><u>Atmosphere creation<\/u> (5 points): generate a bewitching ambient to shroud the jury and asphyxiate the audience.<\/li><\/ul>\n\n\n\n<ul><li><u>Use and integration of the props in the storytelling<\/u> (10 points): we recommend a balance between madness and  good judgment in the uses of scenery and human props.<\/li><\/ul>\n\n\n\n<div style=\"height:20px\" aria-hidden=\"true\" class=\"wp-block-spacer\"><\/div>\n\n\n\n<h3 class=\"wp-block-heading\"><strong>Characterization and Costume (15 points)<\/strong><\/h3>\n\n\n\n<ul><li><u>Character Development<\/u> (10 points): the make up and costume choice should be adequate to the creature you are bringing to life. EVERYTHING is permitted in the making of the character, there are no limitations in clothing or footwear (except for those elements which may be susceptible to damage the poles or the facilities<a href=\"#_ftn1\">[1]<\/a>)<\/li><li><u>X Factor<\/u> (5 points): we love special effects, try not to disappoint us.<\/li><\/ul>\n\n\n\n<div style=\"height:20px\" aria-hidden=\"true\" class=\"wp-block-spacer\"><\/div>\n\n\n\n<h3 class=\"wp-block-heading\"><strong>Storytelling and Character (20 points)<\/strong><\/h3>\n\n\n\n<ul><li><u>Interpretation<\/u> (5 points): make your acting believable and authentic, by integrating it within the theme.<\/li><li><u>Storytelling<\/u> (5 points): develop a theme, create a story with a start, a climax and an ending. Trap us within your fiction and make us travel in our seats.<\/li><li><u>Originality<\/u> (10 points): search and glean, rack your brains and bring us something brimming with imagination.<\/li><\/ul>\n\n\n\n<div style=\"height:20px\" aria-hidden=\"true\" class=\"wp-block-spacer\"><\/div>\n\n\n\n<h3 class=\"wp-block-heading\"><strong>Execution (30 points)<\/strong><\/h3>\n\n\n\n<ul class=\"lista_numerada\"><li><u>Choreographic Balance<\/u> (9 points). One point for each element that we can cross out from this list:\n<ol>\n<li>Static<\/li>\n<li>Spinning<\/li>\n<li>Flexibility<\/li>\n<li>Strength<\/li>\n<li>Acrobatics<\/li>\n<li>Dynamics<\/li>\n<li>Climbs, drops and jumps<\/li>\n<li>Floorwork<\/li>\n<li>Dance<\/li>\n<\/ol>\n<\/li><\/ul>\n\n\n\n<ul><li><u>Musicality<\/u> (4 points): follow the beat, get a rhythm, make the music guide your story and your steps.<\/li><li><u>Creative Tricks<\/u> (4 points): cook us a succulent, varied and provocative menu, we don\u2019t want the typical combo dish.<\/li><li><u>Creative Transitions<\/u> (4 points): get out of your comfort zone and explore bizarre combinations to shock the jury.<\/li><li><u>Technique<\/u> (3 points): we don\u2019t care about lines if you don\u2019t, but if you do we will know\u2026 Execute your piece skillfully and finish your moves.<\/li><li><u>Fluidity<\/u> (3 points): be graceful and spontaneous, make it flow and look easy.<\/li><li><u>Energy Control<\/u> (3 points): breath, unleash, master.<\/li><\/ul>\n\n\n\n<div style=\"height:20px\" aria-hidden=\"true\" class=\"wp-block-spacer\"><\/div>\n\n\n\n<h3 class=\"wp-block-heading translation-block\">Emotional Impression (20 points)<\/h3>\n\n\n\n<p>What are the judges going to feel when they see you on stage? This aspect evaluates your ability to raise emotions through your performance. You are expected to provoke profound and heterogeneous feelings that stir up the members of our tribunal.<\/p>\n\n\n\n<div style=\"height:20px\" aria-hidden=\"true\" class=\"wp-block-spacer\"><\/div>\n\n\n\n<p style=\"font-size:32px\" class=\"has-background has-text-align-center has-very-dark-gray-background-color\">Individual Battles CRITERIA<\/p>\n\n\n\n<h3 class=\"wp-block-heading\">Execution (30 points)<\/h3>\n\n\n\n<ul><li><u>Dynamic combos and spins<\/u> (5 points)<\/li><li><u>Original flexi and strength tricks<\/u> (5 points)<\/li><li><u>Extreme flexi and strength tricks<\/u> (5 points)<\/li><li><u>Climbs, drops, acrobatic transitions, jumps and flips, in the pole<\/u> (10 points)<\/li><li><u>Moves out of the pole<\/u> (5 points)<\/li><\/ul>\n\n\n\n<p><\/p>\n\n\n\n<h3 class=\"wp-block-heading\">Inmortality Level (20 points)<\/h3>\n\n\n\n<ul><li><u>Explosive Power<\/u> (10 points): energy level to execute the tricks.<\/li><li><u>Confidence and Lethal Power Control<\/u> (5 points): move control of each transition and acrobatics will be assess. Shoot to kill in each round, but don't commit suicide.<\/li><li><u>Stamina<\/u> (5 points): endurance capacity through the battle. If you are tired you better pretend.<\/li><\/ul>\n\n\n\n<h3 class=\"wp-block-heading\">Incentive (20 points)<\/h3>\n\n\n\n<ul><li><u>Charisma, Attitude and Confidence<\/u> (5 points): showed on stage during the battle.<\/li><li><u>Public involvement<\/u> (5 points): ability to make the audience participate.<\/li><li><u>Strategy<\/u> (10 points): we will asses the ebb and flow of the battle, without interruptions and chosing the logic sequence to stand up against the opponent.<\/li><\/ul>\n\n\n\n<h3 class=\"wp-block-heading\">Impacto (10 puntos)<\/h3>\n\n\n\n<p>Make the audience and the judges breathless, provoke a scream and keep them on the brink of a heart attack during the whole battle. We will value all those coup the grace: a trick that hits the bullseye and earns standing ovation, a combo fit perfectly in time with the music that gives the jury goosebumps, a transition that startles the very stage manager... oh yeah!<\/p>\n\n\n\n<h3 class=\"wp-block-heading\">Characterization and Costume (15 points)<\/h3>\n\n\n\n<ul><li><u>Character Development<\/u> (10 points): the make up and costume choice should be adequate to the creature you are bringing to life. EVERYTHING is permitted in the making of the character, there are no limitations in clothing or footwear (except for those elements which may be susceptible to damage the poles or the facilities)<a href=\"https:\/\/mad4pole.com\/en\/wp\/wp-admin\/post.php\/?post=1728&amp;action=edit&amp;vcv-gutenberg-editor#_ftn1\">[1]<\/a>) <\/li><li><u>X Factor<\/u> (5 points): we love special effects, try not to disappoint us.<\/li><\/ul>\n\n\n\n<h3 class=\"wp-block-heading\">Emotional Impression (5 points)<\/h3>\n\n\n\n<p>What are the judges going to feel when they see you on stage? This aspect evaluates your ability to raise emotions through your performance. You are expected to provoke profound and heterogeneous feelings that stir up the members of our tribunal.<\/p>\n\n\n\n<p style=\"font-size:32px\" class=\"has-background has-text-align-center has-very-dark-gray-background-color\"> Doubles Battles CRITERIA<\/p>\n\n\n\n<h3 class=\"wp-block-heading\">Execution (40 points)<\/h3>\n\n\n\n<ul><li><u>Original Double tricks<\/u> (10 points)<\/li><li><u>Dynamic combos and sincronized spins<\/u> (5 points)<\/li><li><u>Use of the partner to enter and exit the pole<\/u> (10 points): throws and catches.<\/li><li><u>Climbs, drops, acrobatic transitions, jumps and flips, in the pole<\/u> (10 points): execute by both members of the couple.<\/li><li><u>Sincronized moves out of the pole<\/u> (5 points)<\/li><\/ul>\n\n\n\n<h3 class=\"wp-block-heading\">Inmortality Level (10 points)<\/h3>\n\n\n\n<ul><li><u>Confidence and Lethal Power Control<\/u> (5 points): move control of each transition and acrobatics will be assess. Shoot to kill in each round, but don't commit suicide.<\/li><li><u>Energ\u00eda y Stamina<\/u> (5 points): endurance capacity through the battle. If you are tired you better pretend.<\/li><\/ul>\n\n\n\n<h3 class=\"wp-block-heading\">Incentive (20 points)<\/h3>\n\n\n\n<ul><li><u>Charisma, Attitude and Confidence<\/u> (5 points): showed on stage during the battle.<\/li><li><u>Public involvement<\/u> (5 points): ability to make the audience participate.<\/li><li><u>Strategy<\/u> (10 points): we will asses the ebb and flow of the battle, without interruptions and chosing the logic sequence to stand up against the opponents.<\/li><\/ul>\n\n\n\n<h3 class=\"wp-block-heading\">Impacto (10 puntos)<\/h3>\n\n\n\n<p>Make the audience and the judges breathless, provoke a scream and keep them on the brink of a heart attack during the whole battle. We will value all those coup the grace: a trick that hits the bullseye and earns standing ovation, a combo fit perfectly in time with the music that gives the jury goosebumps, a transition that startles the very stage manager... oh yeah!<\/p>\n\n\n\n<h3 class=\"wp-block-heading\">Characterization and Costume (15 points)<\/h3>\n\n\n\n<ul><li><u>Character Development<\/u> (10 points): the make up and costume choice should be adequate to the creature you are bringing to life. EVERYTHING is permitted in the making of the character, there are no limitations in clothing or footwear (except for those elements which may be susceptible to damage the poles or the facilities)<a href=\"https:\/\/mad4pole.com\/en\/wp\/wp-admin\/post.php\/?post=1728&amp;action=edit&amp;vcv-gutenberg-editor#_ftn1\">[1]<\/a>) <\/li><li><u>X Factor<\/u> (5 points): we love special effects, try not to disappoint us.<\/li><\/ul>\n\n\n\n<h3 class=\"wp-block-heading\">Emotional Impression (5 points)<\/h3>\n\n\n\n<p>What are the judges going to feel when they see you on stage? This aspect evaluates your ability to raise emotions through your performance. You are expected to provoke profound and heterogeneous feelings that stir up the members of our tribunal.<\/p>\n\n\n\n<div style=\"height:70px\" aria-hidden=\"true\" class=\"wp-block-spacer\"><\/div>\n\n\n\n<p style=\"font-size:32px\" class=\"has-text-align-center\">If you need inspiration check our<\/p>\n\n\n\n<!-- Darren's Button -->\n<div class=\"vc_btn3-container vc_btn3-center\"><button class=\"vc_general vc_btn3 vc_btn3-size-lg vc_btn3-shape-rounded vc_btn3-style-custom\" style=\"background-color: #bc1846; color: #ffffff;\" onclick=\"window.location.href = 'https:\/\/mad4pole.com\/wp\/horror-storming\/';\">Horror Storming<\/button><\/div>\n<!-- \/Darren's Button -->\n\n\n\n<hr class=\"wp-block-separator is-style-wide\"\/>\n\n\n\n<p style=\"font-size:18px\"><a href=\"#_ftnref1\">[1]<\/a> Tacks, chains, etc. Consult the organization if you have any doubts.<\/p>\n\n\n\n<p>&nbsp;<\/p>","protected":false},"excerpt":{"rendered":"<p>Descarga el NECRONOMIPOLE en .pdf Entre sus l\u00edneas hallar\u00e1s la sabidur\u00eda necesaria para sobrevivir a este evento CONSIDERACIONES T\u00c9CNICAS Duraci\u00f3n de la m\u00fasica: NO hay m\u00ednimo de tiempo, si consigues transmitirnos todos estos aspectos en un minuto&#8230; \u00a1adelante! pero en el Infierno no nos gusta eternizarnos (gui\u00f1o gui\u00f1o) de modo ...<\/p>","protected":false},"author":1,"featured_media":1839,"parent":0,"menu_order":0,"comment_status":"closed","ping_status":"closed","template":"","meta":[],"_links":{"self":[{"href":"https:\/\/mad4pole.com\/en\/wp-json\/wp\/v2\/pages\/1728"}],"collection":[{"href":"https:\/\/mad4pole.com\/en\/wp-json\/wp\/v2\/pages"}],"about":[{"href":"https:\/\/mad4pole.com\/en\/wp-json\/wp\/v2\/types\/page"}],"author":[{"embeddable":true,"href":"https:\/\/mad4pole.com\/en\/wp-json\/wp\/v2\/users\/1"}],"replies":[{"embeddable":true,"href":"https:\/\/mad4pole.com\/en\/wp-json\/wp\/v2\/comments?post=1728"}],"version-history":[{"count":36,"href":"https:\/\/mad4pole.com\/en\/wp-json\/wp\/v2\/pages\/1728\/revisions"}],"predecessor-version":[{"id":2582,"href":"https:\/\/mad4pole.com\/en\/wp-json\/wp\/v2\/pages\/1728\/revisions\/2582"}],"wp:featuredmedia":[{"embeddable":true,"href":"https:\/\/mad4pole.com\/en\/wp-json\/wp\/v2\/media\/1839"}],"wp:attachment":[{"href":"https:\/\/mad4pole.com\/en\/wp-json\/wp\/v2\/media?parent=1728"}],"curies":[{"name":"wp","href":"https:\/\/api.w.org\/{rel}","templated":true}]}}