{"id":1719,"date":"2019-10-26T23:34:50","date_gmt":"2019-10-26T21:34:50","guid":{"rendered":"https:\/\/mad4pole.com\/wp\/?page_id=1719"},"modified":"2019-11-20T02:00:18","modified_gmt":"2019-11-20T00:00:18","slug":"horror-taxonomy","status":"publish","type":"page","link":"https:\/\/mad4pole.com\/en\/horror-taxonomy\/","title":{"rendered":"Horror TAXONOMY"},"content":{"rendered":"<p style=\"text-align:center\">In this competition there are NO women's or men's categories; horror doesn\u2019t care about gender and our tribunal is trained to transcend labels and judge each performance as something absolutely singular.<\/p>\n\n\n\n<p style=\"font-size:22px;text-align:center\"> <u>This is the Taxonomy of species which fit in the HORROR FEST:<\/u><\/p>\n\n\n\n<h2 class=\"wp-block-heading\">Zombie Parade<\/h2>\n\n\n\n<p class=\" translation-block\"><b><u>AMATEUR<\/u><\/b> Category. Requirements:<\/p>\n\n\n\n<ul><li>BE an amateur level Pole Dance trainee (regardless of years of practice)<\/li><li>NOT to have been placed in the top 3 places in a superior division in other competitions<\/li><li>NOT to be a Pole teacher, trainer or coach\n<\/li><li>NOT to make money Pole Dancing<\/li><\/ul>\n\n\n\n<div style=\"height:20px\" aria-hidden=\"true\" class=\"wp-block-spacer\"><\/div>\n\n\n\n<h2 class=\"wp-block-heading\">Vampire Feast<\/h2>\n\n\n\n<p class=\" translation-block\"><b><u>SEMI-PRO<\/u><\/b> Category. Requirements:<\/p>\n\n\n\n<ul><li>BE an intermediate-advanced level Pole Dance trainee<\/li><li>NOT to have been placed in the top 3 places in a superior division in other competitions<\/li><li>NOT to be a Pole teacher, trainer or coach\n<\/li><li>NOT to make money Pole Dancing<\/li><\/ul>\n\n\n\n<div style=\"height:20px\" aria-hidden=\"true\" class=\"wp-block-spacer\"><\/div>\n\n\n\n<h2 class=\"wp-block-heading\">Monster Mash<\/h2>\n\n\n\n<p class=\" translation-block\"><b><u>PROFESSIONAL<\/u><\/b>Category. Requirements:<\/p>\n\n\n\n<ul><li>BE an advanced level Pole Dance trainee<\/li><li>BE a Pole teacher, trainer or coach <\/li><li>BE a professional who makes money Pole Dancing<\/li><li>NOT to have been placed in the top 3 places in a superior division in other competitions<\/li><\/ul>\n\n\n\n<div style=\"height:20px\" aria-hidden=\"true\" class=\"wp-block-spacer\"><\/div>\n\n\n\n<h2 class=\"wp-block-heading\">Demogorgon Chaos<\/h2>\n\n\n\n<p class=\" translation-block\"><b><u>ELITE<\/u><\/b> Category. Requirements:<\/p>\n\n\n\n<ul><li>Haber hecho podio en categor\u00eda \u00c9lite en otras competiciones<\/li><li>O haber quedado primero en categor\u00eda Profesional en otras competiciones y tener nivel, a juicio de nuestras <b>NORNAS<\/b><a href=\"#_ftn1\">[1]<\/a>, para pertenecer a la categor\u00eda \u00c9lite.<\/li><\/ul>\n\n\n\n<div style=\"height:20px\" aria-hidden=\"true\" class=\"wp-block-spacer\"><\/div>\n\n\n\n<h2 class=\"wp-block-heading\">Witching Hour<\/h2>\n\n\n\n<p>CATEGORY <b><u>MASTER 40<\/u><\/b><b><u>MASTER 40<\/u><\/b> Category. This taxonomy is OPTIONAL for over 40's; who may opt to participate in any other division if they wish. Horror cares about age: seniority is a rank here in Hell and we\u2019d like to honor the decrepitude of our applicants.<\/p>\n\n\n\n<div style=\"height:20px\" aria-hidden=\"true\" class=\"wp-block-spacer\"><\/div>\n\n\n\n<h2 class=\"wp-block-heading\">Voodoo Power<\/h2>\n\n\n\n<p class=\" translation-block\"><b><u>GROUP<\/u><\/b> Category. for those beings who like to perform as a couple, a threesome or a group. We won\u2019t establish divisions by level as we understand that it is difficult to configure groups with a homogeneous skill set. Therefore you are all invited to take part in this pandemonium, no matter your experience with the Pole.<\/p>\n\n\n\n<div style=\"height:20px\" aria-hidden=\"true\" class=\"wp-block-spacer\"><\/div>\n\n\n\n<h2 class=\"wp-block-heading\">Trick or Treat<\/h2>\n\n\n\n<p class=\" translation-block\"><b><u>BATTLE<\/u><\/b> Category. for those creatures who want to fight a duel. The contenders can participate individually or in couples. This means that we\u2019ll have one on one and two on two battles. In this category we won\u2019t establish divisions by level either.<\/p>\n\n\n\n<div style=\"height:100px\" aria-hidden=\"true\" class=\"wp-block-spacer\"><\/div>\n\n\n\n<p>\n\nIMPORTANT WARNING: The names of these categories DO NOT determine the theme, they are part of the aesthetic organization of the event and shouldn\u2019t influence the artistic elements of the piece.\n\n<\/p>\n\n\n\n<hr class=\"wp-block-separator\"\/>\n\n\n\n<p style=\"font-size:18px\"><a href=\"https:\/\/mad4pole.com\/en\/wp\/wp-admin\/post.php\/?post=1719&amp;action=edit#_ftnref1\">[1]<\/a> The NORNAS are the Oracle in charge of selecting the participants. Three Pole and Dance professionals who will study the candidates and consult their runes to give us an answer.\n\n<\/p>\n\n\n\n<p><\/p>","protected":false},"excerpt":{"rendered":"<p>En esta competici\u00f3n NO hay categor\u00edas femenina o masculina; el horror no entiende de g\u00e9nero y nuestro jurado est\u00e1 instruido para trascender etiquetas y valorar cada performance como algo absolutamente singular. Esta es la taxonom\u00eda de especies que tienen cabida en el HORROR FEST: Zombie Parade Categor\u00eda AMATEUR. Requisitos: Ser ...<\/p>","protected":false},"author":1,"featured_media":1567,"parent":0,"menu_order":0,"comment_status":"closed","ping_status":"closed","template":"","meta":[],"_links":{"self":[{"href":"https:\/\/mad4pole.com\/en\/wp-json\/wp\/v2\/pages\/1719"}],"collection":[{"href":"https:\/\/mad4pole.com\/en\/wp-json\/wp\/v2\/pages"}],"about":[{"href":"https:\/\/mad4pole.com\/en\/wp-json\/wp\/v2\/types\/page"}],"author":[{"embeddable":true,"href":"https:\/\/mad4pole.com\/en\/wp-json\/wp\/v2\/users\/1"}],"replies":[{"embeddable":true,"href":"https:\/\/mad4pole.com\/en\/wp-json\/wp\/v2\/comments?post=1719"}],"version-history":[{"count":9,"href":"https:\/\/mad4pole.com\/en\/wp-json\/wp\/v2\/pages\/1719\/revisions"}],"predecessor-version":[{"id":2407,"href":"https:\/\/mad4pole.com\/en\/wp-json\/wp\/v2\/pages\/1719\/revisions\/2407"}],"wp:featuredmedia":[{"embeddable":true,"href":"https:\/\/mad4pole.com\/en\/wp-json\/wp\/v2\/media\/1567"}],"wp:attachment":[{"href":"https:\/\/mad4pole.com\/en\/wp-json\/wp\/v2\/media?parent=1719"}],"curies":[{"name":"wp","href":"https:\/\/api.w.org\/{rel}","templated":true}]}}