{"id":1452,"date":"2019-10-20T19:50:57","date_gmt":"2019-10-20T17:50:57","guid":{"rendered":"https:\/\/mad4pole.com\/wp\/?page_id=1452"},"modified":"2019-12-09T02:55:20","modified_gmt":"2019-12-09T00:55:20","slug":"home","status":"publish","type":"page","link":"https:\/\/mad4pole.com\/en\/","title":{"rendered":"HOME"},"content":{"rendered":"<section class=\"wpb-content-wrapper\"><div class=\"evenz-vc-row-container\" ><div class=\"vc_row evenz-stickycont wpb_row evenz-vc_row vc_custom_1572599574501 vc_row-has-fill vc_row-o-content-bottom vc_row-flex evenz-negative\"><div class=\"evenz-rowcontainer-vc\"><div class=\"evenz-rowcontent\"><div class=\"wpb_column vc_column_container vc_col-sm-nul-12 vc_col-xs-1 vc_col-sm-1\"><div class=\"vc_column-inner\"><div class=\"wpb_wrapper\">\n\t\t<div id=\"3dheader--evenzdafabf-\" class=\"evenz-3dheader  evenz-3dheader--evenzdafabf-\">\n\t\t\t<div class=\"evenz-3dheader__wrapper\">\n\t\t\n\t\t\t\t\t\t\t\t\t<div class=\"evenz-3dheader__bg evenz-3dheader__bg--1\"><img src=\"https:\/\/mad4pole.com\/wp-content\/uploads\/2019\/08\/fondo-bosque.png\" alt=\"Background\"><\/div>\n\t\t\t\t\t\t\t\t\t\t<div class=\"evenz-3dheader__bg evenz-3dheader__bg--2\"><img src=\"https:\/\/mad4pole.com\/wp-content\/uploads\/2019\/08\/demogorgon-transp-con-bokeh.png\" alt=\"Background\"><\/div>\n\t\t\t\t\t\t\t\t\t\n\t\t\t\t<div class=\"evenz-3dheader__contents\">\n\t\t\t\t\t<div class=\"evenz-3dheader__contents__caption\">\n\t\t\t\t\t\t<div class=\"evenz-section-caption evenz-section-caption--l\">\n\t\t\t\t\t\t\t<div class=\"evenz-3dheader__firstlevel\">\n\t\t\t\t\t\t\t\t\t\t\t\t\t\t\t\t\t<div class=\"evenz-3dheader__custom\"><p>&nbsp;<\/p>\n<p>&nbsp;<\/p>\n<p><img loading=\"lazy\" class=\"aligncenter size-full wp-image-1409\" src=\"https:\/\/mad4pole.com\/wp\/wp-content\/uploads\/2019\/08\/letrero-web-con-fecha.png\" alt=\"\" width=\"400\" height=\"400\" \/><\/p>\n<\/div>\n\t\t\t\t\t\t\t\t\t\t\t\t\t\t\t\t<\/div>\n\t\t\t\t\t\t<\/div>\n\t\t\t\t\t<\/div>\n\t\t\t\t<\/div>\n\t\t\t<\/div>\n\t\t<\/div>\n\t\t\t\t<div data-evenz-customstyles=\".testingsel, .evenz-3dheader--evenzdafabf- .evenz-section-caption { border-color: rgba(0,0,0,0.01);}  .evenz-3dheader--evenzdafabf- .evenz-section-caption { background-color: rgba(0,0,0,0.01);}\"><\/div>\n\t\t<\/div><\/div><\/div><\/div><\/div><\/div><\/div><section class=\"vc_section vc_custom_1571607769623 vc_section-has-fill\"><div class=\"evenz-vc-row-container\" ><div class=\"vc_row evenz-stickycont wpb_row evenz-vc_row vc_custom_1572212825154 vc_row-has-fill\"><div class=\"evenz-container evenz-rowcontainer-vc\"><div class=\"evenz-rowcontent\"><div class=\"wpb_column vc_column_container vc_col-sm-12\"><div class=\"vc_column-inner\"><div class=\"wpb_wrapper\">\t\t\t<hr class=\"evenz-spacer-l\">\n\t\t<div class=\"vc_row wpb_row vc_inner evenz-vc_row\"><div class=\"evenz-rowcontainer-vc\"><div class=\"evenz-rowcontent\"><div class=\"wpb_column vc_column_container vc_col-sm-3\"><div class=\"vc_column-inner\"><div class=\"wpb_wrapper\"><\/div><\/div><\/div><div class=\"wpb_column vc_column_container vc_col-sm-9\"><div class=\"vc_column-inner\"><div class=\"wpb_wrapper\">\n\t<div  class=\"wpb_single_image wpb_content_element vc_align_center\">\n\t\t\n\t\t<figure class=\"wpb_wrapper vc_figure\">\n\t\t\t<div class=\"vc_single_image-wrapper   vc_box_border_grey\"><img class=\"vc_single_image-img\" src=\"https:\/\/mad4pole.com\/wp-content\/uploads\/2019\/08\/Logo-Mad4Pole-blanco-1-300x300.png\" width=\"300\" height=\"300\" alt=\"Logo Mad4Pole blanco\" title=\"Logo Mad4Pole blanco\" \/><\/div>\n\t\t<\/figure>\n\t<\/div>\n\n\t<div class=\"wpb_text_column wpb_content_element\" >\n\t\t<div class=\"wpb_wrapper\">\n\t\t\t<p style=\"text-align: center; font-family: Glass Antiqua; font-size: 200%;\">presents<\/p>\n<p style=\"text-align: center; font-family: Glass Antiqua; font-size: 300%;\" class=\" translation-block\"><span style=\"color: #bc1846\">HORROR FEST<\/span> 1st Edition<\/p>\n<div class=\"translation-block\">\n<p style=\"text-align: center;font-family: Glass Antiqua;font-size: 150%\">A Pole Dance Competition where we award the terrifying<\/p>\n<p style=\"text-align: center;font-family: Glass Antiqua;font-size: 150%\">You\u2019re invited to revive your worst nightmares, to bring to life that creepy creature that dwells in the darkness of your wardrobe, to transgress and disturb with your most sinister performance.<\/p>\n<p style=\"text-align: center;font-family: Glass Antiqua;font-size: 150%\">Show us your dark side, unnerve the jury, startle the audience and rise with the dreadful honor of our gruesome trophy.<\/p>\n<p style=\"text-align: center;font-family: Glass Antiqua;font-size: 200%;color: #bc1846\">Want to come and play in the upside down?<\/p>\n<\/div>\n\n\t\t<\/div>\n\t<\/div>\n<\/div><\/div><\/div><\/div><\/div><\/div>\t\t\t<hr class=\"evenz-spacer-l\">\n\t\t<\/div><\/div><\/div><\/div><\/div><\/div><\/div><\/section><section class=\"vc_section\"><div class=\"evenz-vc-row-container\" ><div class=\"vc_row evenz-stickycont wpb_row evenz-vc_row\"><div class=\"evenz-container evenz-rowcontainer-vc\"><div class=\"evenz-rowcontent\"><div class=\"wpb_column vc_column_container vc_col-sm-12\"><div class=\"vc_column-inner\"><div class=\"wpb_wrapper\">\t\t\t<hr class=\"evenz-spacer-m\">\n\t\t\t\t<div class=\"evenz-cards evenz-cards__horizontal\">\n\t\t\t<div class=\"evenz-cards__content evenz-card evenz-gradprimary evenz-negative\">\n\t\t\t\t<div class=\"evenz-cards__content__c\">\n\t\t\t\t\t<div class=\"evenz-row\">\n\t\t\t\t\t\t<div class=\"evenz-col evenz-cards__horizontal__col1 evenz-m6 evenz-l6\">\n\t\t\t\t\t\t\t<div class=\"evenz-cards__horizontal__pad\">\n\t\t\t\t\t\t\t\t\t\t\t\t\t\t\t\t\t\t<h2 class=\"evenz-caption\">Who can participate?<\/h2>\n\t\t\t\t\t\t\t\t\t\t<p>Every being who dwells the shadows is welcome to take part in this experience, but to ensure the artist\u2019s freedom and avoid offending the naive, this competition will be limited to performers of legal age (18 years old).<\/p>\n\t\t\t\t\t \t\t<\/div>\n\t\t\t\t\t\t<\/div>\n\t\t\t\t\t\t<div class=\"evenz-col evenz-cards__horizontal__col2 evenz-m6 evenz-l6\">\n\t\t\t\t\t\t\t\t\t\t\t\t\t\t\t<div class=\"evenz-cards__i\"><img src=\"https:\/\/mad4pole.com\/wp-content\/uploads\/2019\/08\/card1.png\" alt=\"\u00bfQui\u00e9n puede Inscribirse?\"><\/div>\n\t\t\t\t\t\t\t\t\t\t\t\t\t\t<\/div>\n\t\t\t\t\t<\/div>\n\t\t \t\t<\/div>\n\n\n\n\t \t\t\t\n\t\t\t\t<span class=\"evenz-hov\"><\/span><div class=\"evenz-particles\"><\/div>\n\t\t\t\t\n\t\t\t<\/div>\n\t\t<\/div>\n\t\t\t\t\t<hr class=\"evenz-spacer-m\">\n\t\t\t\t<div class=\"evenz-cards evenz-cards__horizontal evenz-cards__horizontal__inv\">\n\t\t\t<div class=\"evenz-cards__content evenz-card evenz-gradprimary evenz-negative\">\n\t\t\t\t<div class=\"evenz-cards__content__c\">\n\t\t\t\t\t<div class=\"evenz-row\">\n\t\t\t\t\t\t<div class=\"evenz-col evenz-cards__horizontal__col1 evenz-m6 evenz-l6\">\n\t\t\t\t\t\t\t<div class=\"evenz-cards__horizontal__pad\">\n\t\t\t\t\t\t\t\t\t\t\t\t\t\t\t\t\t\t<h2 class=\"evenz-caption\">Which is my category?<\/h2>\n\t\t\t\t\t\t\t\t\t\t<p>Find your place in our wicked taxonomy. Each creature may apply for one or more categories depending on its experience, skills and the nature of the performance. There is no place for gender in this abyss so EVERY CATEGORY IS MIXED.<\/p>\n\t\t\t\t\t \t\t<\/div>\n\t\t\t\t\t\t<\/div>\n\t\t\t\t\t\t<div class=\"evenz-col evenz-cards__horizontal__col2 evenz-m6 evenz-l6\">\n\t\t\t\t\t\t\t\t\t\t\t\t\t\t\t<div class=\"evenz-cards__i\"><img src=\"https:\/\/mad4pole.com\/wp-content\/uploads\/2019\/08\/card2.png\" alt=\"\u00bfCu\u00e1l es mi categor\u00eda?\"><\/div>\n\t\t\t\t\t\t\t\t\t\t\t\t\t\t<\/div>\n\t\t\t\t\t<\/div>\n\t\t \t\t<\/div>\n\n\n\n\t \t\t\t\n\t\t\t\t<span class=\"evenz-hov\"><\/span><div class=\"evenz-particles\"><\/div>\n\t\t\t\t\n\t\t\t<\/div>\n\t\t<\/div>\n\t\t\t\t\t<hr class=\"evenz-spacer-m\">\n\t\t\t\t<div class=\"evenz-cards evenz-cards__horizontal\">\n\t\t\t<div class=\"evenz-cards__content evenz-card evenz-gradprimary evenz-negative\">\n\t\t\t\t<div class=\"evenz-cards__content__c\">\n\t\t\t\t\t<div class=\"evenz-row\">\n\t\t\t\t\t\t<div class=\"evenz-col evenz-cards__horizontal__col1 evenz-m6 evenz-l6\">\n\t\t\t\t\t\t\t<div class=\"evenz-cards__horizontal__pad\">\n\t\t\t\t\t\t\t\t\t\t\t\t\t\t\t\t\t\t<h2 class=\"evenz-caption\">What are the judging criteria?<\/h2>\n\t\t\t\t\t\t\t\t\t\t<p>Mad4Pole Horror Fest is an ARTISTIC COMPETITION where not only pole dance technique but also the dramatic staging, characterisation and costume, storytelling and the interpretation are awarded.<\/p>\n\t\t\t\t\t \t\t<\/div>\n\t\t\t\t\t\t<\/div>\n\t\t\t\t\t\t<div class=\"evenz-col evenz-cards__horizontal__col2 evenz-m6 evenz-l6\">\n\t\t\t\t\t\t\t\t\t\t\t\t\t\t\t<div class=\"evenz-cards__i\"><img src=\"https:\/\/mad4pole.com\/wp-content\/uploads\/2019\/08\/prueba.png\" alt=\"\u00bfQu\u00e9 valorar\u00e1n los jueces?\"><\/div>\n\t\t\t\t\t\t\t\t\t\t\t\t\t\t<\/div>\n\t\t\t\t\t<\/div>\n\t\t \t\t<\/div>\n\n\n\n\t \t\t\t\n\t\t\t\t<span class=\"evenz-hov\"><\/span><div class=\"evenz-particles\"><\/div>\n\t\t\t\t\n\t\t\t<\/div>\n\t\t<\/div>\n\t\t\t\t\t<hr class=\"evenz-spacer-m\">\n\t\t\t\t<div class=\"evenz-cards evenz-cards__horizontal evenz-cards__horizontal__inv\">\n\t\t\t<div class=\"evenz-cards__content evenz-card evenz-gradprimary evenz-negative\">\n\t\t\t\t<div class=\"evenz-cards__content__c\">\n\t\t\t\t\t<div class=\"evenz-row\">\n\t\t\t\t\t\t<div class=\"evenz-col evenz-cards__horizontal__col1 evenz-m6 evenz-l6\">\n\t\t\t\t\t\t\t<div class=\"evenz-cards__horizontal__pad\">\n\t\t\t\t\t\t\t\t\t\t\t\t\t\t\t\t\t\t<h2 class=\"evenz-caption\">What's the prize?<\/h2>\n\t\t\t\t\t\t\t\t\t\t<p>Besides the HONOR of climbing to our decrepit stage and parading along with all kinds of exceptional creatures\u2026 we\u2019ll keep it under wraps but if you can\u2019t wait here is a sneak-peak: not only the first three will be awarded, the fourth placed will always have a place in our rotten little hearts.<\/p>\n\t\t\t\t\t \t\t<\/div>\n\t\t\t\t\t\t<\/div>\n\t\t\t\t\t\t<div class=\"evenz-col evenz-cards__horizontal__col2 evenz-m6 evenz-l6\">\n\t\t\t\t\t\t\t\t\t\t\t\t\t\t\t<div class=\"evenz-cards__i\"><img src=\"https:\/\/mad4pole.com\/wp-content\/uploads\/2019\/08\/card4.png\" alt=\"\u00bfCu\u00e1l es el premio?\"><\/div>\n\t\t\t\t\t\t\t\t\t\t\t\t\t\t<\/div>\n\t\t\t\t\t<\/div>\n\t\t \t\t<\/div>\n\n\n\n\t \t\t\t\n\t\t\t\t<span class=\"evenz-hov\"><\/span><div class=\"evenz-particles\"><\/div>\n\t\t\t\t\n\t\t\t<\/div>\n\t\t<\/div>\n\t\t\t\t\t<hr class=\"evenz-spacer-l\">\n\t\t<\/div><\/div><\/div><\/div><\/div><\/div><\/div><\/section><div class=\"evenz-vc-row-container\" ><div class=\"vc_row evenz-stickycont wpb_row evenz-vc_row\"><div class=\"evenz-container evenz-rowcontainer-vc\"><div class=\"evenz-rowcontent\"><div class=\"wpb_column vc_column_container vc_col-sm-12\"><div class=\"vc_column-inner\"><div class=\"wpb_wrapper\">\t\t\t<div data-evenz-customstyles=\".evenz-countdown--0406d2e1bc94b28f49c77159059d5365 .evenz-countdown__container { color: #000000}  .evenz-countdown--0406d2e1bc94b28f49c77159059d5365.evenz-countdown--bricks .evenz-countdown__i { border-color: #ffffff}  .evenz-countdown--0406d2e1bc94b28f49c77159059d5365.evenz-countdown--boxed .evenz-countdown__container { border-color: #ffffff}  .evenz-countdown--0406d2e1bc94b28f49c77159059d5365 .evenz-countdown__i { background-color: #ffffff}\"><\/div>\n\t\t\t\t\t\t<hr class=\"evenz-spacer-s\">\n\t\t<div class=\"vc_btn3-container vc_btn3-center\" ><a style=\"background-color:#bc1846; color:#ffffff;\" class=\"vc_general vc_btn3 vc_btn3-size-lg vc_btn3-shape-rounded vc_btn3-style-custom\" href=\"https:\/\/mad4pole.com\/en\/wp\/participar-en-el-horror-fest\/\" title=\"How to participate in the HORROR FEST\">Register<\/a><\/div>\t\t\t<hr class=\"evenz-spacer-m\">\n\t\t<\/div><\/div><\/div><\/div><\/div><\/div><\/div><div class=\"evenz-vc-row-container\" ><div class=\"vc_row evenz-stickycont wpb_row evenz-vc_row\"><div class=\"evenz-rowcontainer-vc\"><div class=\"evenz-rowcontent\"><div class=\"wpb_column vc_column_container vc_col-sm-12\"><div class=\"vc_column-inner\"><div class=\"wpb_wrapper\">\n\t<div class=\"wpb_text_column wpb_content_element\" >\n\t\t<div class=\"wpb_wrapper\">\n\t\t\t\n\t\t<\/div>\n\t<\/div>\n<\/div><\/div><\/div><\/div><\/div><\/div><\/div><div class=\"evenz-vc-row-container\"  id=\"judges\" ><div id=\"evenz-intid-judges\" class=\"vc_row evenz-stickycont wpb_row evenz-vc_row vc_custom_1575852915845 vc_row-has-fill vc_row-o-content-middle vc_row-flex evenz-negative\"><div class=\"evenz-rowcontainer-vc\"><div class=\"evenz-rowcontent\"><div class=\"wpb_column vc_column_container vc_col-sm-12 vc_col-has-fill\"><div class=\"vc_column-inner vc_custom_1566067361517\"><div class=\"wpb_wrapper evenz-vc_section\"> <p class=\"aligncenter\"><a href=\"https:\/\/mad4pole.com\/en\/aquelarre-de-jueces\/\"  \n\t\tclass=\"evenz-btn evenz-btn__bold aligncenter  evenz-btn__l\"><span>COVEN OF JUDGES<\/span><\/a><\/p>\n\t<div class=\"wpb_text_column wpb_content_element\" >\n\t\t<div class=\"wpb_wrapper\">\n\t\t\t<h2 style=\"text-align: center;\"><strong>Who's hiding under the red cowls?<\/strong><\/h2>\n<p style=\"text-align: center;\">Meet our international coven of judges: four Pole Dance professionals, horror fans and thrill-seekers.<\/p>\n\n\t\t<\/div>\n\t<\/div>\n<\/div><\/div><\/div><\/div><\/div><\/div>\t\t<div class=\"evenz-bgimg evenz-bgimg__vc evenz-bgimg__parallax\" data-evenz-parallax>\n\t\t\t<img data-stellar-ratio=\"0.04\" src=\"https:\/\/mad4pole.com\/wp-content\/uploads\/2019\/12\/red-cowls-large.jpg\" alt=\"Background\">\n\t\t<\/div>\n\t<\/div><div class=\"evenz-vc-row-container\" ><div class=\"vc_row evenz-stickycont wpb_row evenz-vc_row\"><div class=\"evenz-container evenz-rowcontainer-vc\"><div class=\"evenz-rowcontent\"><div class=\"wpb_column vc_column_container vc_col-sm-12\"><div class=\"vc_column-inner\"><div class=\"wpb_wrapper\">\t\t\t<hr class=\"evenz-spacer-m\">\n\t\t\t\t<!-- ============= BEGINNING QTPLACES MAP =============================== -->\n\n\t\t\n\n\n\t\t<!-- MAP CONTENT -->\n\t\t<div id=\"rqssa\" class=\"qtPlaces-container qtPlaces-template-3 dark open\" data-getdirections=\"Get directions\"  data-streetview=\"\" data-mousewheel=\"1\" data-mapcolor=\"dark\" data-mapheight=\"500\" data-dynamicmap=\"maprqssa\" >\n\t\t\t<div class=\"qtPlaces-list\">\n\t\t\t\t\t\t\t\t\t\n\t\t\t\t    \t\t\t\t\t<div class=\"qtPlaces-entry all pfilter-31\"  data-qtautobg=\"https:\/\/mad4pole.com\/wp-content\/uploads\/2019\/10\/Sala-Pole1-770x513.png\">\n\t\t\t\t\t\t<h4>Pole&amp;Roll Studio\t\t\t\t\t\t<\/h4>\n\t\t\t\t\t\t\t\t\t\t\t\t<p class=\"listdetail\"><i class=\"fa fa-map\"><\/i>&nbsp;\n\t\t\t\t\t\t\tMadrid (Espa\u00f1a)\t\t\t\t\t\t<\/p>\n\t\t\t\t\t\t\t\t\t\t\t\t\t                            <a id=\"rqssa1925\" class=\"roundbtn qtPlaces-marker noajax\" href=\"https:\/\/mad4pole.com\/en\/place\/escuela-poleroll\/\"\n\t                                data-clicktarget = \"mapbutton1925\"\n\t                                data-mapid = \"rqssa\"\n\t                                data-markerid = \"rqssa1925\"\n\t                                data-markertitle = \"Escuela Pole&#038;Roll\"\n\t                                data-markerimg = \"https:\/\/mad4pole.com\/wp-content\/uploads\/2019\/10\/Sala-Pole1-770x513.png\"\n\t                                data-hidethumbnail = \"\"\n\t                               \tdata-filters=\"pfilter-31 \"\n\t                               \tdata-markercolor = \"#ffffff\"\n\t                                data-markerlocation = \"Escuela PoleRoll\"\n\t                                data-markeraddress = \"C\/Granja de San Ildefonso 21, 28051\"\n\t                                data-markercity = \"Madrid\"\n\t                               \tdata-markercountry = \"Espa\u00f1a\"\n\t                               \tdata-markerlink = \"http:\/\/www.poleandroll.com\"\n\t                               \tdata-markerphone = \"601 064 641\"\n\t                               \tdata-markeremail = \"info@poleandroll.com\"\n\t                                data-lat=\"40.3667475\" \n\t                                data-lon=\"-3.619523699999945\"\n\t                                data-autozoom=\"0\">\n\t                                                \t                    \t<i class=\"fa fa-map-marker\"><\/i>\n                    \t<\/a>\n\t\t\t\t\t<\/div>\n\t\t\t\t\t\t\t\t\t\n\t\t\t\t    \t\t\t\t\t<div class=\"qtPlaces-entry all pfilter-30\"  data-qtautobg=\"https:\/\/mad4pole.com\/wp-content\/uploads\/2019\/08\/American-Horror-Story-Freak-Show-770x409.jpg\">\n\t\t\t\t\t\t<h4>El\u00edas Ah\u00faja Theatre\t\t\t\t\t\t<\/h4>\n\t\t\t\t\t\t\t\t\t\t\t\t<p class=\"listdetail\"><i class=\"fa fa-map\"><\/i>&nbsp;\n\t\t\t\t\t\t\tMadrid (Spain)\t\t\t\t\t\t<\/p>\n\t\t\t\t\t\t\t\t\t\t\t\t\t                            <a id=\"rqssa790\" class=\"roundbtn qtPlaces-marker noajax\" href=\"https:\/\/mad4pole.com\/en\/place\/teatro-elias-ahuja\/\"\n\t                                data-clicktarget = \"mapbutton790\"\n\t                                data-mapid = \"rqssa\"\n\t                                data-markerid = \"rqssa790\"\n\t                                data-markertitle = \"Teatro El\u00edas Ah\u00faja\"\n\t                                data-markerimg = \"https:\/\/mad4pole.com\/wp-content\/uploads\/2019\/08\/American-Horror-Story-Freak-Show-770x409.jpg\"\n\t                                data-hidethumbnail = \"\"\n\t                               \tdata-filters=\"pfilter-30 \"\n\t                               \tdata-markercolor = \"#ffffff\"\n\t                                data-markerlocation = \"Teatro El\u00edas Ah\u00faja\"\n\t                                data-markeraddress = \"Calle del Rector Royo-Villanova 4, 28040\"\n\t                                data-markercity = \"Madrid\"\n\t                               \tdata-markercountry = \"Spain\"\n\t                               \tdata-markerlink = \"http:\/\/melia.com\"\n\t                               \tdata-markerphone = \"+34 91 533 77 00\"\n\t                               \tdata-markeremail = \"\"\n\t                                data-lat=\"40.4510536\" \n\t                                data-lon=\"-3.7150318000000198\"\n\t                                data-autozoom=\"0\">\n\t                                                \t                    \t<i class=\"fa fa-map-marker\"><\/i>\n                    \t<\/a>\n\t\t\t\t\t<\/div>\n\t\t\t\t\n\n\t\t\t<\/div>\n\t\t\t<div class=\"qtPlaces-map\">\n\t\t\t\t<div class=\"qtPlaces-mapcontainer\" id=\"maprqssa\">\n\t\t\t\t\t\n\t\t\t\t<\/div>\n\t\t\t\t\t\t\t\t<div class=\"qtPlaces-tags\">\n\t\t\t\t\t\n\t\t\t\t\t\t\t\t\t\t\t<a href=\"#\" class=\"qtPlaces-tag\" data-placefilter=\"pfilter-31\" data-targetmap=\"rqssa\"><i class=\"fa fa-tag\"><\/i> Workshops<\/a>\n\t\t\t\t\t\t\t\t\t\t\t\t<a href=\"#\" class=\"qtPlaces-tag\" data-placefilter=\"pfilter-30\" data-targetmap=\"rqssa\"><i class=\"fa fa-tag\"><\/i> Venue<\/a>\n\t\t\t\t\t\t\t\t\t\t<\/div>\n\t\t\t\t\t\t\t<\/div>\n\t\t\t<a class=\"qtPlaces-menuswitch\"><i class=\"fa fa-close\"><\/i><\/a>\n\n\t\t<\/div>\n\n\n\n\n\n\t\t\t\t<div data-qtplaces-styles=\" #rqssa.qtPlaces-container .qtPlaces-list .qtPlaces-entry a.roundbtn{color:#ffffff;} #rqssa.qtPlaces-container .qtPlaces-list .qtPlaces-entry h4{border-color: #bc1846;} #rqssa.qtPlaces-container .qtPlaces-list .qtPlaces-entry a.roundbtn,#rqssa.qtPlaces-container .qtPlaces-list::-webkit-scrollbar-thumb,#rqssa.qtPlaces-container .qtPlaces-tags .qtPlaces-tag i,#rqssa.qtPlaces-container .qtPlaces-tags .qtPlaces-tag.active{background: #bc1846;} #rqssa.qtPlaces-container .qtPlaces-list{background: #000000;} #rqssa.qtPlaces-container .qtPlaces-map .qtPlaces-mapcontainer .qtPlaces-mapmarker .qtPlaces-marker-img,#rqssa.qtPlaces-container .qtPlaces-map .qtPlaces-mapcontainer .qtPlaces-mapmarker .qtPlaces-marker-img::after,#rqssa.qtPlaces-container .qtPlaces-map .qtPlaces-mapcontainer .qtPlaces-mapmarker .qtPlaces-marker-img::before {background:#ffffff;} @media (min-width:1024px){ #rqssa.qtPlaces-container,#rqssa.qtPlaces-container .qtPlaces-list , #rqssa.qtPlaces-container .qtPlaces-map {height: 500px;} } @media (max-width:1023px){ #rqssa.qtPlaces-container,#rqssa.qtPlaces-container .qtPlaces-list , #rqssa.qtPlaces-container .qtPlaces-map {height: 400px;} } \"><\/div>\n\n\n\n\n\n\n\n\n\t\t<!-- ============= END QTPLACES MAP =============================== -->\n\t\t\t\t\t<hr class=\"evenz-spacer-s\">\n\t\t<\/div><\/div><\/div><\/div><\/div><\/div><\/div><div class=\"evenz-vc-row-container\" ><div class=\"vc_row evenz-stickycont wpb_row evenz-vc_row\"><div class=\"evenz-rowcontainer-vc\"><div class=\"evenz-rowcontent\"><div class=\"wpb_column vc_column_container vc_col-sm-12\"><div class=\"vc_column-inner\"><div class=\"wpb_wrapper\"><div class=\"vc_separator wpb_content_element vc_separator_align_center vc_sep_width_70 vc_sep_border_width_2 vc_sep_pos_align_center vc_separator_no_text vc_sep_color_grey\" ><span class=\"vc_sep_holder vc_sep_holder_l\"><span class=\"vc_sep_line\"><\/span><\/span><span class=\"vc_sep_holder vc_sep_holder_r\"><span class=\"vc_sep_line\"><\/span><\/span>\n<\/div>\t\t\t<hr class=\"evenz-spacer-m\">\n\t\t<\/div><\/div><\/div><\/div><\/div><\/div><\/div><div class=\"evenz-vc-row-container\" ><div class=\"vc_row evenz-stickycont wpb_row evenz-vc_row\"><div class=\"evenz-rowcontainer-vc\"><div class=\"evenz-rowcontent\"><div class=\"wpb_column vc_column_container vc_col-sm-3\"><div class=\"vc_column-inner\"><div class=\"wpb_wrapper\"><\/div><\/div><\/div><div class=\"wpb_column vc_column_container vc_col-sm-6\"><div class=\"vc_column-inner\"><div class=\"wpb_wrapper\">\n\t<div class=\"wpb_text_column wpb_content_element\" >\n\t\t<div class=\"wpb_wrapper\">\n\t\t\t<div class=\"evenz-downloadbox\">\n\t<aside class=\"evenz-downloadbox__card\">\n\t\t<div class=\"evenz-downloadbox__i\">\n\t\t<img width=\"1920\" height=\"1080\" src=\"https:\/\/mad4pole.com\/wp-content\/uploads\/2019\/08\/the-collection-1.jpg\" class=\"attachment-full size-full wp-post-image\" alt=\"\" loading=\"lazy\" \/>\t\t<\/div>\n\t\t<div class=\"evenz-downloadbox__content evenz-card evenz-primary\">\n\t\t\t<h4 class=\"evenz-downloadbox__cap evenz-caption__s\">Sponsorship Plans<\/h4>\n\t\t\t<p><span style=\"color: #bc1846\"><b>Sponsor the event of the year!<\/b> \u00a0<\/span>Download our .pdf and find out about our <b><u>4 sponsorship plans<\/u><\/b>\u00a0 for Studios and Brands.<\/p>\n\t\t\t<div class=\"evenz-downloadbox__count evenz-itemmetas\">189 downloads<\/div>\n\n\t\t\t<p class=\"evenz-downloadbox__act\">\n\t\t\t<a class=\"evenz-btn evenz-btn-primary\" title=\"Version spa_eng\" href=\"https:\/\/mad4pole.com\/en\/download\/2331\/?tmstv=1778671866\" rel=\"nofollow\">\n\t\t\t\tDownload\t\t\t<\/a>\n\t\t\t<\/p>\n\n\t\t<\/div>\n\t<\/aside>\n<\/div>\n\n\n\n\t\t<\/div>\n\t<\/div>\n<\/div><\/div><\/div><div class=\"wpb_column vc_column_container vc_col-sm-3\"><div class=\"vc_column-inner\"><div class=\"wpb_wrapper\"><\/div><\/div><\/div><\/div><\/div><\/div><\/div><div class=\"evenz-vc-row-container\" ><div class=\"vc_row evenz-stickycont wpb_row evenz-vc_row\"><div class=\"evenz-rowcontainer-vc\"><div class=\"evenz-rowcontent\"><div class=\"wpb_column vc_column_container vc_col-sm-12\"><div class=\"vc_column-inner\"><div class=\"wpb_wrapper\">\t\t\t<hr class=\"evenz-spacer-m\">\n\t\t<\/div><\/div><\/div><\/div><\/div><\/div><\/div>\n<\/section>","protected":false},"excerpt":{"rendered":"<p>Mad4Pole HORROR FEST se celebrar\u00e1 en el siniestro Teatro El\u00edas Ah\u00faja. Un tenebroso coliseo en los confines de Madrid cuyo patio de butacas, salpicado de sangre, tiene capacidad para 500 almas. Hay aparcamiento sin hora en las inmediaciones y la boca de metro m\u00e1s cercana est\u00e1 a 8 minutos andando. ...<\/p>","protected":false},"author":1,"featured_media":0,"parent":0,"menu_order":0,"comment_status":"closed","ping_status":"closed","template":"page-fullwidth.php","meta":[],"_links":{"self":[{"href":"https:\/\/mad4pole.com\/en\/wp-json\/wp\/v2\/pages\/1452"}],"collection":[{"href":"https:\/\/mad4pole.com\/en\/wp-json\/wp\/v2\/pages"}],"about":[{"href":"https:\/\/mad4pole.com\/en\/wp-json\/wp\/v2\/types\/page"}],"author":[{"embeddable":true,"href":"https:\/\/mad4pole.com\/en\/wp-json\/wp\/v2\/users\/1"}],"replies":[{"embeddable":true,"href":"https:\/\/mad4pole.com\/en\/wp-json\/wp\/v2\/comments?post=1452"}],"version-history":[{"count":190,"href":"https:\/\/mad4pole.com\/en\/wp-json\/wp\/v2\/pages\/1452\/revisions"}],"predecessor-version":[{"id":2539,"href":"https:\/\/mad4pole.com\/en\/wp-json\/wp\/v2\/pages\/1452\/revisions\/2539"}],"wp:attachment":[{"href":"https:\/\/mad4pole.com\/en\/wp-json\/wp\/v2\/media?parent=1452"}],"curies":[{"name":"wp","href":"https:\/\/api.w.org\/{rel}","templated":true}]}}